{"id":4583,"date":"2017-05-18T16:00:17","date_gmt":"2017-05-18T14:00:17","guid":{"rendered":"https:\/\/blog.saasweb.net\/nextcloud\/"},"modified":"2017-05-18T16:00:17","modified_gmt":"2017-05-18T14:00:17","slug":"nextcloud","status":"publish","type":"page","link":"https:\/\/blog.saasweb.net\/fr\/nextcloud\/","title":{"rendered":"Nextcloud"},"content":{"rendered":"<p>Nextcloud ist eine Online Speicherverwaltungssoftware mit der Daten einerseits einfach und sicher von \u00fcberall zugreifbar sind, und andererseits auch bequem mit anderen geteilt werden k\u00f6nnen. Urspr\u00fcnglich hatte SaaS Web ownCloud als Anwendung im Programm, aber seit der (Mit)Gr\u00fcnder und CTO die gleichnamige Firma ownCloud verlassen und Nextcloud gegr\u00fcndet hat, hat SaaS Web auf Nextcloud gesetzt.<\/p>\n<h2>Managed Nextcloud Hosting mit SaaS Web<\/h2>\n<p>Anders als bei vielen Anbietern, bietet SaaS Web nicht nur Shared Hosting Nextcloud (sprich, eine gro\u00dfe Nextcloud-Instanz f\u00fcr viele Kunden)<br \/>\nsondern Nextcloud wird dediziert auf einer virtuellen Maschine (VM) eingerichtet &#8211; mit einer eigenen Domain und mit einem eigenen SSL Zertifikat eingerichtet und wie es nun auch bequem m\u00f6glich ist, mit eigenem Logo und Farbschema. Auf Wunsch l\u00e4sst sich die Instanz auch in bestehende Infrastrukturen integrieren, beispielsweise mit LDAP\/AD Anbindung und Single Sign On (SSO). Hier gibt es die Produktinformationen zu <a href=\"https:\/\/www.saasweb.net\/de\/managed-hosting\/nextcloud\">Managed Nextcloud Hosting<\/a>.<\/p>\n<h3>Weboberfl\u00e4che zur Verwaltung der Nutzer und Einstellungen<\/h3>\n<p>Die Weboberfl\u00e4che ist die zentrale Anlaufstelle f\u00fcr die Einrichtung der Nextcloud-Instanz. Dort kann der Administrator die Nutzer anlegen und grunds\u00e4tzliche Konfigurationen vornehmen wie z. B. die maximale Dateigr\u00f6\u00dfe f\u00fcr Uploads. Die Weboberfl\u00e4che ist aber auch f\u00fcr Nutzer eine bequeme Art die Dateien zu verwalten (man kann auch Dateien vom Desktop in den Browser per Drag &amp; Drop schieben &#8211; bei gro\u00dfen Dateien ist die Nutzung des Desktop-Clients jedoch zu bevorzugen) bzw. mit anderen zu teilen.<\/p>\n<h3>Desktop und mobile Clients<\/h3>\n<p>Nat\u00fcrlich w\u00e4re Nextcloud ohne die Clients nur halb so interessant. Mit dem Desktop Client (f\u00fcr Mac und Windows &#8211; auch f\u00fcr Linux) kostenfrei verf\u00fcgbar wird auf dem Rechner ein Ordner erstellt, standardm\u00e4\u00dfig \u00ab\u00a0nextcloud\u00a0\u00bb direkt in dem Nutzerverzeichnis. Alle Daten die sich darin befinden werden automatisch mit dem Online Speicher synchronisiert. Mit der ebenfalls kostenfreien App lassen sich die Daten auf dem Smartphone abrufen. Mit der App kann man auch Dateien mit anderen teilen, ohne den Umweg \u00fcber die Weboberfl\u00e4che zu machen.<\/p>\n<h3>Serverseitige Verschl\u00fcsselung der Daten<\/h3>\n<p>Zwecks erh\u00f6hter Sicherheit k\u00f6nnen die Daten auch auf dem Server verschl\u00fcsselt werden. Dazu wird das Userpasswort genutzt, das Verfahren ist f\u00fcr den Nutzer transparent. Allerdings sollte man wissen, dass diese Form der Verschl\u00fcsselung nicht unbedingt die sicherste ist bzw. nicht so sicher ist wie eine clientseitige &#8211; diese l\u00e4sst sich bei Nextcloud allerdings nicht realisieren ohne auf die Nutzung der Weboberfl\u00e4che zu verzichten.<\/p>\n","protected":false},"excerpt":{"rendered":"<p>Nextcloud ist eine Online Speicherverwaltungssoftware mit der Daten einerseits einfach und sicher von \u00fcberall zugreifbar sind, und andererseits auch bequem mit anderen geteilt werden k\u00f6nnen. Urspr\u00fcnglich hatte SaaS Web ownCloud als Anwendung im Programm, aber seit der (Mit)Gr\u00fcnder und CTO die gleichnamige Firma ownCloud verlassen und Nextcloud gegr\u00fcndet hat, hat SaaS Web auf Nextcloud gesetzt. &#8230; <br \/><a class=\"read-more\" href=\"https:\/\/blog.saasweb.net\/fr\/nextcloud\/\">Lire plus\u2026<\/a><\/p>\n","protected":false},"author":1,"featured_media":0,"parent":0,"menu_order":30,"comment_status":"closed","ping_status":"closed","template":"","meta":{"inline_featured_image":false,"footnotes":""},"class_list":["post-4583","page","type-page","status-publish","hentry"],"yoast_head":"<!-- This site is optimized with the Yoast SEO plugin v27.3 - https:\/\/yoast.com\/product\/yoast-seo-wordpress\/ -->\n<title>Nextcloud - SaaS Web Blog<\/title>\n<meta name=\"robots\" content=\"index, follow, max-snippet:-1, max-image-preview:large, max-video-preview:-1\" \/>\n<link rel=\"canonical\" href=\"https:\/\/blog.saasweb.net\/fr\/nextcloud\/\" \/>\n<meta property=\"og:locale\" content=\"fr_FR\" \/>\n<meta property=\"og:type\" content=\"article\" \/>\n<meta property=\"og:title\" content=\"Nextcloud - SaaS Web Blog\" \/>\n<meta property=\"og:description\" content=\"Nextcloud ist eine Online Speicherverwaltungssoftware mit der Daten einerseits einfach und sicher von \u00fcberall zugreifbar sind, und andererseits auch bequem mit anderen geteilt werden k\u00f6nnen. Urspr\u00fcnglich hatte SaaS Web ownCloud als Anwendung im Programm, aber seit der (Mit)Gr\u00fcnder und CTO die gleichnamige Firma ownCloud verlassen und Nextcloud gegr\u00fcndet hat, hat SaaS Web auf Nextcloud gesetzt. ... Lire plus\u2026\" \/>\n<meta property=\"og:url\" content=\"https:\/\/blog.saasweb.net\/fr\/nextcloud\/\" \/>\n<meta property=\"og:site_name\" content=\"Software as a Service, Managed Hosting &amp; Technologie News\" \/>\n<meta name=\"twitter:card\" content=\"summary_large_image\" \/>\n<meta name=\"twitter:site\" content=\"@saaswebnet\" \/>\n<meta name=\"twitter:label1\" content=\"Dur\u00e9e de lecture estim\u00e9e\" \/>\n\t<meta name=\"twitter:data1\" content=\"2 minutes\" \/>\n<script type=\"application\/ld+json\" class=\"yoast-schema-graph\">{\"@context\":\"https:\\\/\\\/schema.org\",\"@graph\":[{\"@type\":\"WebPage\",\"@id\":\"https:\\\/\\\/blog.saasweb.net\\\/fr\\\/nextcloud\\\/\",\"url\":\"https:\\\/\\\/blog.saasweb.net\\\/fr\\\/nextcloud\\\/\",\"name\":\"Nextcloud - SaaS Web Blog\",\"isPartOf\":{\"@id\":\"https:\\\/\\\/blog.saasweb.net\\\/fr\\\/#website\"},\"datePublished\":\"2017-05-18T14:00:17+00:00\",\"breadcrumb\":{\"@id\":\"https:\\\/\\\/blog.saasweb.net\\\/fr\\\/nextcloud\\\/#breadcrumb\"},\"inLanguage\":\"fr-FR\",\"potentialAction\":[{\"@type\":\"ReadAction\",\"target\":[\"https:\\\/\\\/blog.saasweb.net\\\/fr\\\/nextcloud\\\/\"]}]},{\"@type\":\"BreadcrumbList\",\"@id\":\"https:\\\/\\\/blog.saasweb.net\\\/fr\\\/nextcloud\\\/#breadcrumb\",\"itemListElement\":[{\"@type\":\"ListItem\",\"position\":1,\"name\":\"Startseite\",\"item\":\"https:\\\/\\\/blog.saasweb.net\\\/fr\\\/\"},{\"@type\":\"ListItem\",\"position\":2,\"name\":\"Nextcloud\"}]},{\"@type\":\"WebSite\",\"@id\":\"https:\\\/\\\/blog.saasweb.net\\\/fr\\\/#website\",\"url\":\"https:\\\/\\\/blog.saasweb.net\\\/fr\\\/\",\"name\":\"Software as a Service, Managed Hosting &amp; Technologie News\",\"description\":\"Proudly clouded by SaaS Web\",\"publisher\":{\"@id\":\"https:\\\/\\\/blog.saasweb.net\\\/fr\\\/#organization\"},\"potentialAction\":[{\"@type\":\"SearchAction\",\"target\":{\"@type\":\"EntryPoint\",\"urlTemplate\":\"https:\\\/\\\/blog.saasweb.net\\\/fr\\\/?s={search_term_string}\"},\"query-input\":{\"@type\":\"PropertyValueSpecification\",\"valueRequired\":true,\"valueName\":\"search_term_string\"}}],\"inLanguage\":\"fr-FR\"},{\"@type\":\"Organization\",\"@id\":\"https:\\\/\\\/blog.saasweb.net\\\/fr\\\/#organization\",\"name\":\"Software as a Service, Managed Hosting &amp; Technologie News\",\"url\":\"https:\\\/\\\/blog.saasweb.net\\\/fr\\\/\",\"logo\":{\"@type\":\"ImageObject\",\"inLanguage\":\"fr-FR\",\"@id\":\"https:\\\/\\\/blog.saasweb.net\\\/fr\\\/#\\\/schema\\\/logo\\\/image\\\/\",\"url\":\"https:\\\/\\\/blog.saasweb.net\\\/wp-content\\\/uploads\\\/2014\\\/04\\\/logo_saasweb.jpg\",\"contentUrl\":\"https:\\\/\\\/blog.saasweb.net\\\/wp-content\\\/uploads\\\/2014\\\/04\\\/logo_saasweb.jpg\",\"width\":121,\"height\":110,\"caption\":\"Software as a Service, Managed Hosting &amp; Technologie News\"},\"image\":{\"@id\":\"https:\\\/\\\/blog.saasweb.net\\\/fr\\\/#\\\/schema\\\/logo\\\/image\\\/\"},\"sameAs\":[\"https:\\\/\\\/x.com\\\/saaswebnet\"]}]}<\/script>\n<!-- \/ Yoast SEO plugin. -->","yoast_head_json":{"title":"Nextcloud - SaaS Web Blog","robots":{"index":"index","follow":"follow","max-snippet":"max-snippet:-1","max-image-preview":"max-image-preview:large","max-video-preview":"max-video-preview:-1"},"canonical":"https:\/\/blog.saasweb.net\/fr\/nextcloud\/","og_locale":"fr_FR","og_type":"article","og_title":"Nextcloud - SaaS Web Blog","og_description":"Nextcloud ist eine Online Speicherverwaltungssoftware mit der Daten einerseits einfach und sicher von \u00fcberall zugreifbar sind, und andererseits auch bequem mit anderen geteilt werden k\u00f6nnen. Urspr\u00fcnglich hatte SaaS Web ownCloud als Anwendung im Programm, aber seit der (Mit)Gr\u00fcnder und CTO die gleichnamige Firma ownCloud verlassen und Nextcloud gegr\u00fcndet hat, hat SaaS Web auf Nextcloud gesetzt. ... Lire plus\u2026","og_url":"https:\/\/blog.saasweb.net\/fr\/nextcloud\/","og_site_name":"Software as a Service, Managed Hosting &amp; Technologie News","twitter_card":"summary_large_image","twitter_site":"@saaswebnet","twitter_misc":{"Dur\u00e9e de lecture estim\u00e9e":"2 minutes"},"schema":{"@context":"https:\/\/schema.org","@graph":[{"@type":"WebPage","@id":"https:\/\/blog.saasweb.net\/fr\/nextcloud\/","url":"https:\/\/blog.saasweb.net\/fr\/nextcloud\/","name":"Nextcloud - SaaS Web Blog","isPartOf":{"@id":"https:\/\/blog.saasweb.net\/fr\/#website"},"datePublished":"2017-05-18T14:00:17+00:00","breadcrumb":{"@id":"https:\/\/blog.saasweb.net\/fr\/nextcloud\/#breadcrumb"},"inLanguage":"fr-FR","potentialAction":[{"@type":"ReadAction","target":["https:\/\/blog.saasweb.net\/fr\/nextcloud\/"]}]},{"@type":"BreadcrumbList","@id":"https:\/\/blog.saasweb.net\/fr\/nextcloud\/#breadcrumb","itemListElement":[{"@type":"ListItem","position":1,"name":"Startseite","item":"https:\/\/blog.saasweb.net\/fr\/"},{"@type":"ListItem","position":2,"name":"Nextcloud"}]},{"@type":"WebSite","@id":"https:\/\/blog.saasweb.net\/fr\/#website","url":"https:\/\/blog.saasweb.net\/fr\/","name":"Software as a Service, Managed Hosting &amp; Technologie News","description":"Proudly clouded by SaaS Web","publisher":{"@id":"https:\/\/blog.saasweb.net\/fr\/#organization"},"potentialAction":[{"@type":"SearchAction","target":{"@type":"EntryPoint","urlTemplate":"https:\/\/blog.saasweb.net\/fr\/?s={search_term_string}"},"query-input":{"@type":"PropertyValueSpecification","valueRequired":true,"valueName":"search_term_string"}}],"inLanguage":"fr-FR"},{"@type":"Organization","@id":"https:\/\/blog.saasweb.net\/fr\/#organization","name":"Software as a Service, Managed Hosting &amp; Technologie News","url":"https:\/\/blog.saasweb.net\/fr\/","logo":{"@type":"ImageObject","inLanguage":"fr-FR","@id":"https:\/\/blog.saasweb.net\/fr\/#\/schema\/logo\/image\/","url":"https:\/\/blog.saasweb.net\/wp-content\/uploads\/2014\/04\/logo_saasweb.jpg","contentUrl":"https:\/\/blog.saasweb.net\/wp-content\/uploads\/2014\/04\/logo_saasweb.jpg","width":121,"height":110,"caption":"Software as a Service, Managed Hosting &amp; Technologie News"},"image":{"@id":"https:\/\/blog.saasweb.net\/fr\/#\/schema\/logo\/image\/"},"sameAs":["https:\/\/x.com\/saaswebnet"]}]}},"_links":{"self":[{"href":"https:\/\/blog.saasweb.net\/fr\/wp-json\/wp\/v2\/pages\/4583","targetHints":{"allow":["GET"]}}],"collection":[{"href":"https:\/\/blog.saasweb.net\/fr\/wp-json\/wp\/v2\/pages"}],"about":[{"href":"https:\/\/blog.saasweb.net\/fr\/wp-json\/wp\/v2\/types\/page"}],"author":[{"embeddable":true,"href":"https:\/\/blog.saasweb.net\/fr\/wp-json\/wp\/v2\/users\/1"}],"replies":[{"embeddable":true,"href":"https:\/\/blog.saasweb.net\/fr\/wp-json\/wp\/v2\/comments?post=4583"}],"version-history":[{"count":0,"href":"https:\/\/blog.saasweb.net\/fr\/wp-json\/wp\/v2\/pages\/4583\/revisions"}],"wp:attachment":[{"href":"https:\/\/blog.saasweb.net\/fr\/wp-json\/wp\/v2\/media?parent=4583"}],"curies":[{"name":"wp","href":"https:\/\/api.w.org\/{rel}","templated":true}]}}