{"id":4548,"date":"2017-05-23T18:19:58","date_gmt":"2017-05-23T16:19:58","guid":{"rendered":"https:\/\/blog.saasweb.net\/typo3\/"},"modified":"2017-05-31T11:19:19","modified_gmt":"2017-05-31T09:19:19","slug":"typo3","status":"publish","type":"page","link":"https:\/\/blog.saasweb.net\/fr\/typo3\/","title":{"rendered":"TYPO3"},"content":{"rendered":"<p>TYPO3 est connu comme syst\u00e8me de gestion de contenu (CMS) professionnel. \u00a0Il convient surtout aux grands projets o\u00f9 le client est pr\u00eat \u00e0 investir un minimum. TYPO3 est, depuis de nombreuses ann\u00e9es, tr\u00e8s\u00a0populaire et de plus en plus r\u00e9pandu.<\/p>\n<h2><strong>TYPO3 manag\u00e9 par SaaS Web<\/strong><\/h2>\n<p><a href=\"https:\/\/www.saasweb.net\/fr\/managed-hosting\/typo3\">SaaS Web installe la derni\u00e8re version LTS\u00a0<\/a>(Long Term Service = 3 ans de support de la communaut\u00e9\u00a0; sinon 6 mois uniquement en moyenne) sur une machine virtuelle d\u00e9di\u00e9e. La machine virtuelle et TYPO3 vont \u00eatre g\u00e9r\u00e9s\u00a0par SaaS Web cependant les principales mises \u00e0 jour de TYPO3 (par exemple, le passage de la version 6 \u00e0 la version 7) ne sont pas incluses. SaaS Web garantit\u00a0l\u2019ensemble des patchs releases (correctifs) : mises \u00e0 jour de s\u00e9curit\u00e9 et corrections de bugs (par exemple, la version 7.6.2 \u00e0 la version 7.6.3). Les contr\u00f4les r\u00e9guliers assurent le bon fonctionnement des extensions.\u00a0Par ailleurs, l\u2019utilisation de la version LTS, a l\u2019avantage de n\u2019impliquer un update majeur (dans le meilleur des cas, la premi\u00e8re ann\u00e9e) apr\u00e8s 3 ans.\u00a0Outre la surveillance continue de l&rsquo;application, SaaS Web cr\u00e9e quotidiennement des sauvegardes compl\u00e8tes du syst\u00e8me.<\/p>\n<h2>TYPO3 pour le site d&rsquo;entreprise<\/h2>\n<p>TYPO3 n&rsquo;est pas vraiment adapt\u00e9 pour un usage domestique, l&rsquo;application est trop complexe et gourmande en ressources. A\u00a0des fins priv\u00e9es, d&rsquo;autres CMS, tel que WordPress, sont plus appropri\u00e9s. TYPO3 est int\u00e9ressant pour les entreprises, surtout les grandes, o\u00f9 de nombreuses personnes sont amen\u00e9es \u00e0 travailler sur le site de fa<strong>\u00e7<\/strong>on simultan\u00e9e. En effet, la pr\u00e9sence d&rsquo;une gestion des droits granulaire permet aux \u00e9quipes d&rsquo;attribuer des autorisations sp\u00e9cifiques \u00e0 des personnes de mani\u00e8re tr\u00e8s fine. La fonctionnalit\u00e9 multi-langues int\u00e9gr\u00e9e est \u00e9galement populaire : soit en utilisant une m\u00eame arborescence de pages pour les diff\u00e9rentes langues ; soit il est possible de mettre en place une structure logique par langue ou groupes de langues, suivant les besoins.<\/p>\n","protected":false},"excerpt":{"rendered":"<p>TYPO3 est connu comme syst\u00e8me de gestion de contenu (CMS) professionnel. \u00a0Il convient surtout aux grands projets o\u00f9 le client est pr\u00eat \u00e0 investir un minimum. TYPO3 est, depuis de nombreuses ann\u00e9es, tr\u00e8s\u00a0populaire et de plus en plus r\u00e9pandu. TYPO3 manag\u00e9 par SaaS Web SaaS Web installe la derni\u00e8re version LTS\u00a0(Long Term Service = 3 &#8230; <br \/><a class=\"read-more\" href=\"https:\/\/blog.saasweb.net\/fr\/typo3\/\">Lire plus\u2026<\/a><\/p>\n","protected":false},"author":1,"featured_media":0,"parent":0,"menu_order":45,"comment_status":"closed","ping_status":"closed","template":"","meta":{"inline_featured_image":false,"footnotes":""},"class_list":["post-4548","page","type-page","status-publish","hentry"],"yoast_head":"<!-- This site is optimized with the Yoast SEO plugin v27.3 - https:\/\/yoast.com\/product\/yoast-seo-wordpress\/ -->\n<title>TYPO3 - SaaS Web Blog<\/title>\n<meta name=\"robots\" content=\"index, follow, max-snippet:-1, max-image-preview:large, max-video-preview:-1\" \/>\n<link rel=\"canonical\" href=\"https:\/\/blog.saasweb.net\/fr\/typo3\/\" \/>\n<meta property=\"og:locale\" content=\"fr_FR\" \/>\n<meta property=\"og:type\" content=\"article\" \/>\n<meta property=\"og:title\" content=\"TYPO3 - SaaS Web Blog\" \/>\n<meta property=\"og:description\" content=\"TYPO3 est connu comme syst\u00e8me de gestion de contenu (CMS) professionnel. \u00a0Il convient surtout aux grands projets o\u00f9 le client est pr\u00eat \u00e0 investir un minimum. TYPO3 est, depuis de nombreuses ann\u00e9es, tr\u00e8s\u00a0populaire et de plus en plus r\u00e9pandu. TYPO3 manag\u00e9 par SaaS Web SaaS Web installe la derni\u00e8re version LTS\u00a0(Long Term Service = 3 ... Lire plus\u2026\" \/>\n<meta property=\"og:url\" content=\"https:\/\/blog.saasweb.net\/fr\/typo3\/\" \/>\n<meta property=\"og:site_name\" content=\"Software as a Service, Managed Hosting &amp; Technologie News\" \/>\n<meta property=\"article:modified_time\" content=\"2017-05-31T09:19:19+00:00\" \/>\n<meta name=\"twitter:card\" content=\"summary_large_image\" \/>\n<meta name=\"twitter:site\" content=\"@saaswebnet\" \/>\n<meta name=\"twitter:label1\" content=\"Dur\u00e9e de lecture estim\u00e9e\" \/>\n\t<meta name=\"twitter:data1\" content=\"2 minutes\" \/>\n<script type=\"application\/ld+json\" class=\"yoast-schema-graph\">{\"@context\":\"https:\\\/\\\/schema.org\",\"@graph\":[{\"@type\":\"WebPage\",\"@id\":\"https:\\\/\\\/blog.saasweb.net\\\/fr\\\/typo3\\\/\",\"url\":\"https:\\\/\\\/blog.saasweb.net\\\/fr\\\/typo3\\\/\",\"name\":\"TYPO3 - SaaS Web Blog\",\"isPartOf\":{\"@id\":\"https:\\\/\\\/blog.saasweb.net\\\/fr\\\/#website\"},\"datePublished\":\"2017-05-23T16:19:58+00:00\",\"dateModified\":\"2017-05-31T09:19:19+00:00\",\"breadcrumb\":{\"@id\":\"https:\\\/\\\/blog.saasweb.net\\\/fr\\\/typo3\\\/#breadcrumb\"},\"inLanguage\":\"fr-FR\",\"potentialAction\":[{\"@type\":\"ReadAction\",\"target\":[\"https:\\\/\\\/blog.saasweb.net\\\/fr\\\/typo3\\\/\"]}]},{\"@type\":\"BreadcrumbList\",\"@id\":\"https:\\\/\\\/blog.saasweb.net\\\/fr\\\/typo3\\\/#breadcrumb\",\"itemListElement\":[{\"@type\":\"ListItem\",\"position\":1,\"name\":\"Startseite\",\"item\":\"https:\\\/\\\/blog.saasweb.net\\\/fr\\\/\"},{\"@type\":\"ListItem\",\"position\":2,\"name\":\"TYPO3\"}]},{\"@type\":\"WebSite\",\"@id\":\"https:\\\/\\\/blog.saasweb.net\\\/fr\\\/#website\",\"url\":\"https:\\\/\\\/blog.saasweb.net\\\/fr\\\/\",\"name\":\"Software as a Service, Managed Hosting &amp; Technologie News\",\"description\":\"Proudly clouded by SaaS Web\",\"publisher\":{\"@id\":\"https:\\\/\\\/blog.saasweb.net\\\/fr\\\/#organization\"},\"potentialAction\":[{\"@type\":\"SearchAction\",\"target\":{\"@type\":\"EntryPoint\",\"urlTemplate\":\"https:\\\/\\\/blog.saasweb.net\\\/fr\\\/?s={search_term_string}\"},\"query-input\":{\"@type\":\"PropertyValueSpecification\",\"valueRequired\":true,\"valueName\":\"search_term_string\"}}],\"inLanguage\":\"fr-FR\"},{\"@type\":\"Organization\",\"@id\":\"https:\\\/\\\/blog.saasweb.net\\\/fr\\\/#organization\",\"name\":\"Software as a Service, Managed Hosting &amp; Technologie News\",\"url\":\"https:\\\/\\\/blog.saasweb.net\\\/fr\\\/\",\"logo\":{\"@type\":\"ImageObject\",\"inLanguage\":\"fr-FR\",\"@id\":\"https:\\\/\\\/blog.saasweb.net\\\/fr\\\/#\\\/schema\\\/logo\\\/image\\\/\",\"url\":\"https:\\\/\\\/blog.saasweb.net\\\/wp-content\\\/uploads\\\/2014\\\/04\\\/logo_saasweb.jpg\",\"contentUrl\":\"https:\\\/\\\/blog.saasweb.net\\\/wp-content\\\/uploads\\\/2014\\\/04\\\/logo_saasweb.jpg\",\"width\":121,\"height\":110,\"caption\":\"Software as a Service, Managed Hosting &amp; Technologie News\"},\"image\":{\"@id\":\"https:\\\/\\\/blog.saasweb.net\\\/fr\\\/#\\\/schema\\\/logo\\\/image\\\/\"},\"sameAs\":[\"https:\\\/\\\/x.com\\\/saaswebnet\"]}]}<\/script>\n<!-- \/ Yoast SEO plugin. -->","yoast_head_json":{"title":"TYPO3 - SaaS Web Blog","robots":{"index":"index","follow":"follow","max-snippet":"max-snippet:-1","max-image-preview":"max-image-preview:large","max-video-preview":"max-video-preview:-1"},"canonical":"https:\/\/blog.saasweb.net\/fr\/typo3\/","og_locale":"fr_FR","og_type":"article","og_title":"TYPO3 - SaaS Web Blog","og_description":"TYPO3 est connu comme syst\u00e8me de gestion de contenu (CMS) professionnel. \u00a0Il convient surtout aux grands projets o\u00f9 le client est pr\u00eat \u00e0 investir un minimum. TYPO3 est, depuis de nombreuses ann\u00e9es, tr\u00e8s\u00a0populaire et de plus en plus r\u00e9pandu. TYPO3 manag\u00e9 par SaaS Web SaaS Web installe la derni\u00e8re version LTS\u00a0(Long Term Service = 3 ... Lire plus\u2026","og_url":"https:\/\/blog.saasweb.net\/fr\/typo3\/","og_site_name":"Software as a Service, Managed Hosting &amp; Technologie News","article_modified_time":"2017-05-31T09:19:19+00:00","twitter_card":"summary_large_image","twitter_site":"@saaswebnet","twitter_misc":{"Dur\u00e9e de lecture estim\u00e9e":"2 minutes"},"schema":{"@context":"https:\/\/schema.org","@graph":[{"@type":"WebPage","@id":"https:\/\/blog.saasweb.net\/fr\/typo3\/","url":"https:\/\/blog.saasweb.net\/fr\/typo3\/","name":"TYPO3 - SaaS Web Blog","isPartOf":{"@id":"https:\/\/blog.saasweb.net\/fr\/#website"},"datePublished":"2017-05-23T16:19:58+00:00","dateModified":"2017-05-31T09:19:19+00:00","breadcrumb":{"@id":"https:\/\/blog.saasweb.net\/fr\/typo3\/#breadcrumb"},"inLanguage":"fr-FR","potentialAction":[{"@type":"ReadAction","target":["https:\/\/blog.saasweb.net\/fr\/typo3\/"]}]},{"@type":"BreadcrumbList","@id":"https:\/\/blog.saasweb.net\/fr\/typo3\/#breadcrumb","itemListElement":[{"@type":"ListItem","position":1,"name":"Startseite","item":"https:\/\/blog.saasweb.net\/fr\/"},{"@type":"ListItem","position":2,"name":"TYPO3"}]},{"@type":"WebSite","@id":"https:\/\/blog.saasweb.net\/fr\/#website","url":"https:\/\/blog.saasweb.net\/fr\/","name":"Software as a Service, Managed Hosting &amp; Technologie News","description":"Proudly clouded by SaaS Web","publisher":{"@id":"https:\/\/blog.saasweb.net\/fr\/#organization"},"potentialAction":[{"@type":"SearchAction","target":{"@type":"EntryPoint","urlTemplate":"https:\/\/blog.saasweb.net\/fr\/?s={search_term_string}"},"query-input":{"@type":"PropertyValueSpecification","valueRequired":true,"valueName":"search_term_string"}}],"inLanguage":"fr-FR"},{"@type":"Organization","@id":"https:\/\/blog.saasweb.net\/fr\/#organization","name":"Software as a Service, Managed Hosting &amp; Technologie News","url":"https:\/\/blog.saasweb.net\/fr\/","logo":{"@type":"ImageObject","inLanguage":"fr-FR","@id":"https:\/\/blog.saasweb.net\/fr\/#\/schema\/logo\/image\/","url":"https:\/\/blog.saasweb.net\/wp-content\/uploads\/2014\/04\/logo_saasweb.jpg","contentUrl":"https:\/\/blog.saasweb.net\/wp-content\/uploads\/2014\/04\/logo_saasweb.jpg","width":121,"height":110,"caption":"Software as a Service, Managed Hosting &amp; Technologie News"},"image":{"@id":"https:\/\/blog.saasweb.net\/fr\/#\/schema\/logo\/image\/"},"sameAs":["https:\/\/x.com\/saaswebnet"]}]}},"_links":{"self":[{"href":"https:\/\/blog.saasweb.net\/fr\/wp-json\/wp\/v2\/pages\/4548","targetHints":{"allow":["GET"]}}],"collection":[{"href":"https:\/\/blog.saasweb.net\/fr\/wp-json\/wp\/v2\/pages"}],"about":[{"href":"https:\/\/blog.saasweb.net\/fr\/wp-json\/wp\/v2\/types\/page"}],"author":[{"embeddable":true,"href":"https:\/\/blog.saasweb.net\/fr\/wp-json\/wp\/v2\/users\/1"}],"replies":[{"embeddable":true,"href":"https:\/\/blog.saasweb.net\/fr\/wp-json\/wp\/v2\/comments?post=4548"}],"version-history":[{"count":8,"href":"https:\/\/blog.saasweb.net\/fr\/wp-json\/wp\/v2\/pages\/4548\/revisions"}],"predecessor-version":[{"id":4581,"href":"https:\/\/blog.saasweb.net\/fr\/wp-json\/wp\/v2\/pages\/4548\/revisions\/4581"}],"wp:attachment":[{"href":"https:\/\/blog.saasweb.net\/fr\/wp-json\/wp\/v2\/media?parent=4548"}],"curies":[{"name":"wp","href":"https:\/\/api.w.org\/{rel}","templated":true}]}}