{"id":4542,"date":"2017-05-26T16:27:09","date_gmt":"2017-05-26T14:27:09","guid":{"rendered":"https:\/\/blog.saasweb.net\/mattermost\/"},"modified":"2021-05-26T18:01:15","modified_gmt":"2021-05-26T16:01:15","slug":"mattermost","status":"publish","type":"page","link":"https:\/\/blog.saasweb.net\/fr\/mattermost\/","title":{"rendered":"Mattermost"},"content":{"rendered":"<p>Mattermost est le logiciel de collaboration&nbsp;professionnelle par excellence. Cette application open-source combine l&rsquo;interactivit\u00e9 d&rsquo;une conversation par chat avec la flexibilit\u00e9 d&rsquo;une application smartphone. Cr\u00e9ez&nbsp;des groupes et \u00e9changez&nbsp;confortablement des messages, mais aussi des photos et des documents ; toutes les communications sont archiv\u00e9es et consultables via une recherche. Mattermost se d\u00e9finit comme le&nbsp;\u00ab\u00a0clone open source \u00a0\u00bb de Slack.<\/p>\n<h2>Mattermost manag\u00e9 avec SaaS Web<\/h2>\n<p>Sur une machine virtuelle qui vous est d\u00e9di\u00e9e, SaaS Web installe la configuration de base de la&nbsp;Team Edition de Mattermost. Manag\u00e9 par SaaS Web, vous b\u00e9n\u00e9ficiez ainsi de mises \u00e0 jour de l&rsquo;application, de sauvegardes automatiques r\u00e9guli\u00e8res et d&rsquo;une surveillance totale (disponibilit\u00e9 et performance). <a href=\"https:\/\/www.saasweb.net\/fr\/managed-hosting\/mattermost\">Mattermost manag\u00e9<\/a>&nbsp;permet l&rsquo;utilisation&nbsp;d&rsquo;une instance individuelle qui assure la protection de vos donn\u00e9es personnelles ou des donn\u00e9es de l&rsquo;entreprise sans avoir \u00e0 vous souciez des probl\u00e9matiques techniques.<\/p>\n<h3>Tra\u00e7abilit\u00e9 des communications<\/h3>\n<p>Qui n&rsquo;a jamais v\u00e9cu cela ? Suite \u00e0 une discussion sur un th\u00e8me particulier entre coll\u00e8gues o\u00f9 chaque participant apporte sa contribution, vous devez lire, r\u00e9pondre, retrouver et classer une grande quantit\u00e9 d&rsquo;e-mails. Cette situation devient rapidement un vrai casse-t\u00eate&#8230;<\/p>\n<p>Avec Mattermost, tout est&nbsp;diff\u00e9rent : ouvrez des \u00ab\u00a0channels\u00a0\u00bb (canaux) pour chaque th\u00e8me. Les participants peuvent alors filtrer les discussions en fonction de leurs souhaits. Proposez des&nbsp;fichiers en t\u00e9l\u00e9chargement et partagez-les avec tous, d&rsquo;un simple clic.<\/p>\n<h3>Notifications Push pour les mobiles<\/h3>\n<p>Pour Android et iOS, une application gratuite existe et permet de&nbsp;participer \u00e0 des discussions en mobilit\u00e9. Cela permet \u00e9galement de r\u00e9agir \u00e0 une information en temps r\u00e9el : les nouveaux messages sont mis en avant gr\u00e2ce au mode Push. Le mode Push n&rsquo;est, cependant, pas toujours \u00e9vident&nbsp;\u00e0 mettre en place, soit on utilise le service Push de Mattermost gratuit (imagin\u00e9 \u00e0 des fins de test) mais qui ne propose pas de communication crypt\u00e9e, soit vous pouvez utiliser l&rsquo;une des options suivantes : utilisation&nbsp;de la version sous licence de Mattermost ou utilisation de vos&nbsp;propres PNS (ici une application Enterprise&nbsp;doit \u00eatre programm\u00e9e et maintenue).<\/p>\n","protected":false},"excerpt":{"rendered":"<p>Mattermost est le logiciel de collaboration&nbsp;professionnelle par excellence. Cette application open-source combine l&rsquo;interactivit\u00e9 d&rsquo;une conversation par chat avec la flexibilit\u00e9 d&rsquo;une application smartphone. Cr\u00e9ez&nbsp;des groupes et \u00e9changez&nbsp;confortablement des messages, mais aussi des photos et des documents ; toutes les communications sont archiv\u00e9es et consultables via une recherche. Mattermost se d\u00e9finit comme le&nbsp;\u00ab\u00a0clone open source \u00a0\u00bb &#8230; <br \/><a class=\"read-more\" href=\"https:\/\/blog.saasweb.net\/fr\/mattermost\/\">Lire plus\u2026<\/a><\/p>\n","protected":false},"author":1,"featured_media":0,"parent":0,"menu_order":5,"comment_status":"closed","ping_status":"closed","template":"","meta":{"inline_featured_image":false,"footnotes":""},"class_list":["post-4542","page","type-page","status-publish","hentry"],"yoast_head":"<!-- This site is optimized with the Yoast SEO plugin v27.3 - https:\/\/yoast.com\/product\/yoast-seo-wordpress\/ -->\n<title>Mattermost - SaaS Web Blog<\/title>\n<meta name=\"robots\" content=\"index, follow, max-snippet:-1, max-image-preview:large, max-video-preview:-1\" \/>\n<link rel=\"canonical\" href=\"https:\/\/blog.saasweb.net\/fr\/mattermost\/\" \/>\n<meta property=\"og:locale\" content=\"fr_FR\" \/>\n<meta property=\"og:type\" content=\"article\" \/>\n<meta property=\"og:title\" content=\"Mattermost - SaaS Web Blog\" \/>\n<meta property=\"og:description\" content=\"Mattermost est le logiciel de collaboration&nbsp;professionnelle par excellence. Cette application open-source combine l&rsquo;interactivit\u00e9 d&rsquo;une conversation par chat avec la flexibilit\u00e9 d&rsquo;une application smartphone. Cr\u00e9ez&nbsp;des groupes et \u00e9changez&nbsp;confortablement des messages, mais aussi des photos et des documents ; toutes les communications sont archiv\u00e9es et consultables via une recherche. Mattermost se d\u00e9finit comme le&nbsp;\u00ab\u00a0clone open source \u00a0\u00bb ... Lire plus\u2026\" \/>\n<meta property=\"og:url\" content=\"https:\/\/blog.saasweb.net\/fr\/mattermost\/\" \/>\n<meta property=\"og:site_name\" content=\"Software as a Service, Managed Hosting &amp; Technologie News\" \/>\n<meta property=\"article:modified_time\" content=\"2021-05-26T16:01:15+00:00\" \/>\n<meta name=\"twitter:card\" content=\"summary_large_image\" \/>\n<meta name=\"twitter:site\" content=\"@saaswebnet\" \/>\n<meta name=\"twitter:label1\" content=\"Dur\u00e9e de lecture estim\u00e9e\" \/>\n\t<meta name=\"twitter:data1\" content=\"2 minutes\" \/>\n<script type=\"application\/ld+json\" class=\"yoast-schema-graph\">{\"@context\":\"https:\\\/\\\/schema.org\",\"@graph\":[{\"@type\":\"WebPage\",\"@id\":\"https:\\\/\\\/blog.saasweb.net\\\/fr\\\/mattermost\\\/\",\"url\":\"https:\\\/\\\/blog.saasweb.net\\\/fr\\\/mattermost\\\/\",\"name\":\"Mattermost - SaaS Web Blog\",\"isPartOf\":{\"@id\":\"https:\\\/\\\/blog.saasweb.net\\\/fr\\\/#website\"},\"datePublished\":\"2017-05-26T14:27:09+00:00\",\"dateModified\":\"2021-05-26T16:01:15+00:00\",\"breadcrumb\":{\"@id\":\"https:\\\/\\\/blog.saasweb.net\\\/fr\\\/mattermost\\\/#breadcrumb\"},\"inLanguage\":\"fr-FR\",\"potentialAction\":[{\"@type\":\"ReadAction\",\"target\":[\"https:\\\/\\\/blog.saasweb.net\\\/fr\\\/mattermost\\\/\"]}]},{\"@type\":\"BreadcrumbList\",\"@id\":\"https:\\\/\\\/blog.saasweb.net\\\/fr\\\/mattermost\\\/#breadcrumb\",\"itemListElement\":[{\"@type\":\"ListItem\",\"position\":1,\"name\":\"Startseite\",\"item\":\"https:\\\/\\\/blog.saasweb.net\\\/fr\\\/\"},{\"@type\":\"ListItem\",\"position\":2,\"name\":\"Mattermost\"}]},{\"@type\":\"WebSite\",\"@id\":\"https:\\\/\\\/blog.saasweb.net\\\/fr\\\/#website\",\"url\":\"https:\\\/\\\/blog.saasweb.net\\\/fr\\\/\",\"name\":\"Software as a Service, Managed Hosting &amp; Technologie News\",\"description\":\"Proudly clouded by SaaS Web\",\"publisher\":{\"@id\":\"https:\\\/\\\/blog.saasweb.net\\\/fr\\\/#organization\"},\"potentialAction\":[{\"@type\":\"SearchAction\",\"target\":{\"@type\":\"EntryPoint\",\"urlTemplate\":\"https:\\\/\\\/blog.saasweb.net\\\/fr\\\/?s={search_term_string}\"},\"query-input\":{\"@type\":\"PropertyValueSpecification\",\"valueRequired\":true,\"valueName\":\"search_term_string\"}}],\"inLanguage\":\"fr-FR\"},{\"@type\":\"Organization\",\"@id\":\"https:\\\/\\\/blog.saasweb.net\\\/fr\\\/#organization\",\"name\":\"Software as a Service, Managed Hosting &amp; Technologie News\",\"url\":\"https:\\\/\\\/blog.saasweb.net\\\/fr\\\/\",\"logo\":{\"@type\":\"ImageObject\",\"inLanguage\":\"fr-FR\",\"@id\":\"https:\\\/\\\/blog.saasweb.net\\\/fr\\\/#\\\/schema\\\/logo\\\/image\\\/\",\"url\":\"https:\\\/\\\/blog.saasweb.net\\\/wp-content\\\/uploads\\\/2014\\\/04\\\/logo_saasweb.jpg\",\"contentUrl\":\"https:\\\/\\\/blog.saasweb.net\\\/wp-content\\\/uploads\\\/2014\\\/04\\\/logo_saasweb.jpg\",\"width\":121,\"height\":110,\"caption\":\"Software as a Service, Managed Hosting &amp; Technologie News\"},\"image\":{\"@id\":\"https:\\\/\\\/blog.saasweb.net\\\/fr\\\/#\\\/schema\\\/logo\\\/image\\\/\"},\"sameAs\":[\"https:\\\/\\\/x.com\\\/saaswebnet\"]}]}<\/script>\n<!-- \/ Yoast SEO plugin. -->","yoast_head_json":{"title":"Mattermost - SaaS Web Blog","robots":{"index":"index","follow":"follow","max-snippet":"max-snippet:-1","max-image-preview":"max-image-preview:large","max-video-preview":"max-video-preview:-1"},"canonical":"https:\/\/blog.saasweb.net\/fr\/mattermost\/","og_locale":"fr_FR","og_type":"article","og_title":"Mattermost - SaaS Web Blog","og_description":"Mattermost est le logiciel de collaboration&nbsp;professionnelle par excellence. Cette application open-source combine l&rsquo;interactivit\u00e9 d&rsquo;une conversation par chat avec la flexibilit\u00e9 d&rsquo;une application smartphone. Cr\u00e9ez&nbsp;des groupes et \u00e9changez&nbsp;confortablement des messages, mais aussi des photos et des documents ; toutes les communications sont archiv\u00e9es et consultables via une recherche. Mattermost se d\u00e9finit comme le&nbsp;\u00ab\u00a0clone open source \u00a0\u00bb ... Lire plus\u2026","og_url":"https:\/\/blog.saasweb.net\/fr\/mattermost\/","og_site_name":"Software as a Service, Managed Hosting &amp; Technologie News","article_modified_time":"2021-05-26T16:01:15+00:00","twitter_card":"summary_large_image","twitter_site":"@saaswebnet","twitter_misc":{"Dur\u00e9e de lecture estim\u00e9e":"2 minutes"},"schema":{"@context":"https:\/\/schema.org","@graph":[{"@type":"WebPage","@id":"https:\/\/blog.saasweb.net\/fr\/mattermost\/","url":"https:\/\/blog.saasweb.net\/fr\/mattermost\/","name":"Mattermost - SaaS Web Blog","isPartOf":{"@id":"https:\/\/blog.saasweb.net\/fr\/#website"},"datePublished":"2017-05-26T14:27:09+00:00","dateModified":"2021-05-26T16:01:15+00:00","breadcrumb":{"@id":"https:\/\/blog.saasweb.net\/fr\/mattermost\/#breadcrumb"},"inLanguage":"fr-FR","potentialAction":[{"@type":"ReadAction","target":["https:\/\/blog.saasweb.net\/fr\/mattermost\/"]}]},{"@type":"BreadcrumbList","@id":"https:\/\/blog.saasweb.net\/fr\/mattermost\/#breadcrumb","itemListElement":[{"@type":"ListItem","position":1,"name":"Startseite","item":"https:\/\/blog.saasweb.net\/fr\/"},{"@type":"ListItem","position":2,"name":"Mattermost"}]},{"@type":"WebSite","@id":"https:\/\/blog.saasweb.net\/fr\/#website","url":"https:\/\/blog.saasweb.net\/fr\/","name":"Software as a Service, Managed Hosting &amp; Technologie News","description":"Proudly clouded by SaaS Web","publisher":{"@id":"https:\/\/blog.saasweb.net\/fr\/#organization"},"potentialAction":[{"@type":"SearchAction","target":{"@type":"EntryPoint","urlTemplate":"https:\/\/blog.saasweb.net\/fr\/?s={search_term_string}"},"query-input":{"@type":"PropertyValueSpecification","valueRequired":true,"valueName":"search_term_string"}}],"inLanguage":"fr-FR"},{"@type":"Organization","@id":"https:\/\/blog.saasweb.net\/fr\/#organization","name":"Software as a Service, Managed Hosting &amp; Technologie News","url":"https:\/\/blog.saasweb.net\/fr\/","logo":{"@type":"ImageObject","inLanguage":"fr-FR","@id":"https:\/\/blog.saasweb.net\/fr\/#\/schema\/logo\/image\/","url":"https:\/\/blog.saasweb.net\/wp-content\/uploads\/2014\/04\/logo_saasweb.jpg","contentUrl":"https:\/\/blog.saasweb.net\/wp-content\/uploads\/2014\/04\/logo_saasweb.jpg","width":121,"height":110,"caption":"Software as a Service, Managed Hosting &amp; Technologie News"},"image":{"@id":"https:\/\/blog.saasweb.net\/fr\/#\/schema\/logo\/image\/"},"sameAs":["https:\/\/x.com\/saaswebnet"]}]}},"_links":{"self":[{"href":"https:\/\/blog.saasweb.net\/fr\/wp-json\/wp\/v2\/pages\/4542","targetHints":{"allow":["GET"]}}],"collection":[{"href":"https:\/\/blog.saasweb.net\/fr\/wp-json\/wp\/v2\/pages"}],"about":[{"href":"https:\/\/blog.saasweb.net\/fr\/wp-json\/wp\/v2\/types\/page"}],"author":[{"embeddable":true,"href":"https:\/\/blog.saasweb.net\/fr\/wp-json\/wp\/v2\/users\/1"}],"replies":[{"embeddable":true,"href":"https:\/\/blog.saasweb.net\/fr\/wp-json\/wp\/v2\/comments?post=4542"}],"version-history":[{"count":6,"href":"https:\/\/blog.saasweb.net\/fr\/wp-json\/wp\/v2\/pages\/4542\/revisions"}],"predecessor-version":[{"id":7939,"href":"https:\/\/blog.saasweb.net\/fr\/wp-json\/wp\/v2\/pages\/4542\/revisions\/7939"}],"wp:attachment":[{"href":"https:\/\/blog.saasweb.net\/fr\/wp-json\/wp\/v2\/media?parent=4542"}],"curies":[{"name":"wp","href":"https:\/\/api.w.org\/{rel}","templated":true}]}}