{"id":3747,"date":"2017-02-24T16:12:44","date_gmt":"2017-02-24T15:12:44","guid":{"rendered":"https:\/\/blog.saasweb.net\/mediawiki\/"},"modified":"2017-05-31T10:05:33","modified_gmt":"2017-05-31T08:05:33","slug":"mediawiki","status":"publish","type":"page","link":"https:\/\/blog.saasweb.net\/fr\/mediawiki\/","title":{"rendered":"MediaWiki"},"content":{"rendered":"<p>SaaS Web a \u00e9volu\u00e9 au fil des ann\u00e9es pour devenir un expert MediaWiki. En plus de proposer le Media WiKi standard, SaaS Web h\u00e9berge aussi BlueSpice MediaWiki et Semantic Media Wiki. Diff\u00e9rent, mais il s\u2019agit \u00e9galement d\u2019un Wiki : Foswiki.<\/p>\n<p>Quoi qu&rsquo;il en soit, nous voulons, ici, d\u00e9livrer quelques informations int\u00e9ressantes sur MediaWiki.<\/p>\n<h3>MediaWiki manag\u00e9 par SaaS Web<\/h3>\n<p>Contrairement \u00e0 de nombreuses entreprises d&rsquo;h\u00e9bergement Web, un client SaaS Web n\u2019a pas \u00e0 installer MediaWiki lui-m\u00eame, il ne doit m\u00eame pas appuyer sur un bouton ou faire des r\u00e9glages de nom de domaine pour lier son domaine avec le MediaWiki. <a href=\"https:\/\/www.saasweb.net\/fr\/managed-hosting\/mediawiki\"><u>SaaS Web administre tout ce qui touche de pr\u00e8s ou de loin au MediaWiki<\/u><\/a> sur sa propre machine virtuelle (VM) et g\u00e8re en toute s\u00e9curit\u00e9 le maintien du syst\u00e8me (mises \u00e0 jour, sauvegardes, surveillances). En tant que client, vous prenez uniquement soin de vos contenus. C\u2019est aussi simple que cela.<\/p>\n<h3>Informations sur MediaWiki<\/h3>\n<p>MediaWiki est connu comme le logiciel qui a \u00e9t\u00e9 programm\u00e9 pour Wikipedia. Aujourd&rsquo;hui MediaWiki est cependant utilis\u00e9 dans de nombreuses entreprises comme base de connaissances pour les employ\u00e9s ou dans des associations comme une plateforme d&rsquo;information.<\/p>\n<p>MediaWiki inclut d\u00e9j\u00e0, dans sa forme standard, quelques extensions mais d\u2019autres doivent souvent \u00eatre install\u00e9es afin de l\u2019adapter \u00e0 chaque projet, chaque besoin.<\/p>\n<h3>BlueSpice MediaWiki<\/h3>\n<p>BlueSpice MediaWiki a \u00e9t\u00e9 d\u00e9velopp\u00e9 par la soci\u00e9t\u00e9 HalloWelt!. BlueSpice existe en 2 versions\u00a0permettant son utilisation en entreprise ; l\u2019une gratuite, l\u2019autre payante. L\u2019interface de ces 2 versions est con\u00e7ue pour une utilisation en entreprise et donc plus simple et plus compr\u00e9hensible en particulier pour les non-d\u00e9veloppeurs. De plus, BlueSpice MediaWiki int\u00e8gre un moteur de recherche professionnel. La version <a href=\"https:\/\/www.saasweb.net\/fr\/managed-hosting\/bluespice-mediawiki\">BlueSpice MediaWiki Pro <\/a>poss\u00e8de la fonction \u201clivre\u201d ou g\u00e9n\u00e9ration de documents PDF &#8211; un autre de ses points forts\u00a0: s\u00e9lectionnez facilement des articles de votre Wiki et structurez-les facilement (arborescences). Vous pouvez ainsi cr\u00e9er des chapitres et sous-chapitres. Les lecteurs peuvent naviguer rapidement et rester inform\u00e9s sur vos sujets.<\/p>\n<p>Enfin, la fonctionnalit\u00e9 Service Center permet la cr\u00e9ation et la gestion de flux de travail (Workflows).<\/p>\n","protected":false},"excerpt":{"rendered":"<p>SaaS Web a \u00e9volu\u00e9 au fil des ann\u00e9es pour devenir un expert MediaWiki. En plus de proposer le Media WiKi standard, SaaS Web h\u00e9berge aussi BlueSpice MediaWiki et Semantic Media Wiki. Diff\u00e9rent, mais il s\u2019agit \u00e9galement d\u2019un Wiki : Foswiki. Quoi qu&rsquo;il en soit, nous voulons, ici, d\u00e9livrer quelques informations int\u00e9ressantes sur MediaWiki. MediaWiki manag\u00e9 &#8230; <br \/><a class=\"read-more\" href=\"https:\/\/blog.saasweb.net\/fr\/mediawiki\/\">Lire plus\u2026<\/a><\/p>\n","protected":false},"author":1,"featured_media":0,"parent":0,"menu_order":15,"comment_status":"closed","ping_status":"closed","template":"","meta":{"inline_featured_image":false,"footnotes":""},"class_list":["post-3747","page","type-page","status-publish","hentry"],"yoast_head":"<!-- This site is optimized with the Yoast SEO plugin v27.3 - https:\/\/yoast.com\/product\/yoast-seo-wordpress\/ -->\n<title>MediaWiki - SaaS Web Blog<\/title>\n<meta name=\"robots\" content=\"index, follow, max-snippet:-1, max-image-preview:large, max-video-preview:-1\" \/>\n<link rel=\"canonical\" href=\"https:\/\/blog.saasweb.net\/fr\/mediawiki\/\" \/>\n<meta property=\"og:locale\" content=\"fr_FR\" \/>\n<meta property=\"og:type\" content=\"article\" \/>\n<meta property=\"og:title\" content=\"MediaWiki - SaaS Web Blog\" \/>\n<meta property=\"og:description\" content=\"SaaS Web a \u00e9volu\u00e9 au fil des ann\u00e9es pour devenir un expert MediaWiki. En plus de proposer le Media WiKi standard, SaaS Web h\u00e9berge aussi BlueSpice MediaWiki et Semantic Media Wiki. Diff\u00e9rent, mais il s\u2019agit \u00e9galement d\u2019un Wiki : Foswiki. Quoi qu&rsquo;il en soit, nous voulons, ici, d\u00e9livrer quelques informations int\u00e9ressantes sur MediaWiki. MediaWiki manag\u00e9 ... Lire plus\u2026\" \/>\n<meta property=\"og:url\" content=\"https:\/\/blog.saasweb.net\/fr\/mediawiki\/\" \/>\n<meta property=\"og:site_name\" content=\"Software as a Service, Managed Hosting &amp; Technologie News\" \/>\n<meta property=\"article:modified_time\" content=\"2017-05-31T08:05:33+00:00\" \/>\n<meta name=\"twitter:card\" content=\"summary_large_image\" \/>\n<meta name=\"twitter:site\" content=\"@saaswebnet\" \/>\n<meta name=\"twitter:label1\" content=\"Dur\u00e9e de lecture estim\u00e9e\" \/>\n\t<meta name=\"twitter:data1\" content=\"2 minutes\" \/>\n<script type=\"application\/ld+json\" class=\"yoast-schema-graph\">{\"@context\":\"https:\\\/\\\/schema.org\",\"@graph\":[{\"@type\":\"WebPage\",\"@id\":\"https:\\\/\\\/blog.saasweb.net\\\/fr\\\/mediawiki\\\/\",\"url\":\"https:\\\/\\\/blog.saasweb.net\\\/fr\\\/mediawiki\\\/\",\"name\":\"MediaWiki - SaaS Web Blog\",\"isPartOf\":{\"@id\":\"https:\\\/\\\/blog.saasweb.net\\\/fr\\\/#website\"},\"datePublished\":\"2017-02-24T15:12:44+00:00\",\"dateModified\":\"2017-05-31T08:05:33+00:00\",\"breadcrumb\":{\"@id\":\"https:\\\/\\\/blog.saasweb.net\\\/fr\\\/mediawiki\\\/#breadcrumb\"},\"inLanguage\":\"fr-FR\",\"potentialAction\":[{\"@type\":\"ReadAction\",\"target\":[\"https:\\\/\\\/blog.saasweb.net\\\/fr\\\/mediawiki\\\/\"]}]},{\"@type\":\"BreadcrumbList\",\"@id\":\"https:\\\/\\\/blog.saasweb.net\\\/fr\\\/mediawiki\\\/#breadcrumb\",\"itemListElement\":[{\"@type\":\"ListItem\",\"position\":1,\"name\":\"Startseite\",\"item\":\"https:\\\/\\\/blog.saasweb.net\\\/fr\\\/\"},{\"@type\":\"ListItem\",\"position\":2,\"name\":\"MediaWiki\"}]},{\"@type\":\"WebSite\",\"@id\":\"https:\\\/\\\/blog.saasweb.net\\\/fr\\\/#website\",\"url\":\"https:\\\/\\\/blog.saasweb.net\\\/fr\\\/\",\"name\":\"Software as a Service, Managed Hosting &amp; Technologie News\",\"description\":\"Proudly clouded by SaaS Web\",\"publisher\":{\"@id\":\"https:\\\/\\\/blog.saasweb.net\\\/fr\\\/#organization\"},\"potentialAction\":[{\"@type\":\"SearchAction\",\"target\":{\"@type\":\"EntryPoint\",\"urlTemplate\":\"https:\\\/\\\/blog.saasweb.net\\\/fr\\\/?s={search_term_string}\"},\"query-input\":{\"@type\":\"PropertyValueSpecification\",\"valueRequired\":true,\"valueName\":\"search_term_string\"}}],\"inLanguage\":\"fr-FR\"},{\"@type\":\"Organization\",\"@id\":\"https:\\\/\\\/blog.saasweb.net\\\/fr\\\/#organization\",\"name\":\"Software as a Service, Managed Hosting &amp; Technologie News\",\"url\":\"https:\\\/\\\/blog.saasweb.net\\\/fr\\\/\",\"logo\":{\"@type\":\"ImageObject\",\"inLanguage\":\"fr-FR\",\"@id\":\"https:\\\/\\\/blog.saasweb.net\\\/fr\\\/#\\\/schema\\\/logo\\\/image\\\/\",\"url\":\"https:\\\/\\\/blog.saasweb.net\\\/wp-content\\\/uploads\\\/2014\\\/04\\\/logo_saasweb.jpg\",\"contentUrl\":\"https:\\\/\\\/blog.saasweb.net\\\/wp-content\\\/uploads\\\/2014\\\/04\\\/logo_saasweb.jpg\",\"width\":121,\"height\":110,\"caption\":\"Software as a Service, Managed Hosting &amp; Technologie News\"},\"image\":{\"@id\":\"https:\\\/\\\/blog.saasweb.net\\\/fr\\\/#\\\/schema\\\/logo\\\/image\\\/\"},\"sameAs\":[\"https:\\\/\\\/x.com\\\/saaswebnet\"]}]}<\/script>\n<!-- \/ Yoast SEO plugin. -->","yoast_head_json":{"title":"MediaWiki - SaaS Web Blog","robots":{"index":"index","follow":"follow","max-snippet":"max-snippet:-1","max-image-preview":"max-image-preview:large","max-video-preview":"max-video-preview:-1"},"canonical":"https:\/\/blog.saasweb.net\/fr\/mediawiki\/","og_locale":"fr_FR","og_type":"article","og_title":"MediaWiki - SaaS Web Blog","og_description":"SaaS Web a \u00e9volu\u00e9 au fil des ann\u00e9es pour devenir un expert MediaWiki. En plus de proposer le Media WiKi standard, SaaS Web h\u00e9berge aussi BlueSpice MediaWiki et Semantic Media Wiki. Diff\u00e9rent, mais il s\u2019agit \u00e9galement d\u2019un Wiki : Foswiki. Quoi qu&rsquo;il en soit, nous voulons, ici, d\u00e9livrer quelques informations int\u00e9ressantes sur MediaWiki. MediaWiki manag\u00e9 ... Lire plus\u2026","og_url":"https:\/\/blog.saasweb.net\/fr\/mediawiki\/","og_site_name":"Software as a Service, Managed Hosting &amp; Technologie News","article_modified_time":"2017-05-31T08:05:33+00:00","twitter_card":"summary_large_image","twitter_site":"@saaswebnet","twitter_misc":{"Dur\u00e9e de lecture estim\u00e9e":"2 minutes"},"schema":{"@context":"https:\/\/schema.org","@graph":[{"@type":"WebPage","@id":"https:\/\/blog.saasweb.net\/fr\/mediawiki\/","url":"https:\/\/blog.saasweb.net\/fr\/mediawiki\/","name":"MediaWiki - SaaS Web Blog","isPartOf":{"@id":"https:\/\/blog.saasweb.net\/fr\/#website"},"datePublished":"2017-02-24T15:12:44+00:00","dateModified":"2017-05-31T08:05:33+00:00","breadcrumb":{"@id":"https:\/\/blog.saasweb.net\/fr\/mediawiki\/#breadcrumb"},"inLanguage":"fr-FR","potentialAction":[{"@type":"ReadAction","target":["https:\/\/blog.saasweb.net\/fr\/mediawiki\/"]}]},{"@type":"BreadcrumbList","@id":"https:\/\/blog.saasweb.net\/fr\/mediawiki\/#breadcrumb","itemListElement":[{"@type":"ListItem","position":1,"name":"Startseite","item":"https:\/\/blog.saasweb.net\/fr\/"},{"@type":"ListItem","position":2,"name":"MediaWiki"}]},{"@type":"WebSite","@id":"https:\/\/blog.saasweb.net\/fr\/#website","url":"https:\/\/blog.saasweb.net\/fr\/","name":"Software as a Service, Managed Hosting &amp; Technologie News","description":"Proudly clouded by SaaS Web","publisher":{"@id":"https:\/\/blog.saasweb.net\/fr\/#organization"},"potentialAction":[{"@type":"SearchAction","target":{"@type":"EntryPoint","urlTemplate":"https:\/\/blog.saasweb.net\/fr\/?s={search_term_string}"},"query-input":{"@type":"PropertyValueSpecification","valueRequired":true,"valueName":"search_term_string"}}],"inLanguage":"fr-FR"},{"@type":"Organization","@id":"https:\/\/blog.saasweb.net\/fr\/#organization","name":"Software as a Service, Managed Hosting &amp; Technologie News","url":"https:\/\/blog.saasweb.net\/fr\/","logo":{"@type":"ImageObject","inLanguage":"fr-FR","@id":"https:\/\/blog.saasweb.net\/fr\/#\/schema\/logo\/image\/","url":"https:\/\/blog.saasweb.net\/wp-content\/uploads\/2014\/04\/logo_saasweb.jpg","contentUrl":"https:\/\/blog.saasweb.net\/wp-content\/uploads\/2014\/04\/logo_saasweb.jpg","width":121,"height":110,"caption":"Software as a Service, Managed Hosting &amp; Technologie News"},"image":{"@id":"https:\/\/blog.saasweb.net\/fr\/#\/schema\/logo\/image\/"},"sameAs":["https:\/\/x.com\/saaswebnet"]}]}},"_links":{"self":[{"href":"https:\/\/blog.saasweb.net\/fr\/wp-json\/wp\/v2\/pages\/3747","targetHints":{"allow":["GET"]}}],"collection":[{"href":"https:\/\/blog.saasweb.net\/fr\/wp-json\/wp\/v2\/pages"}],"about":[{"href":"https:\/\/blog.saasweb.net\/fr\/wp-json\/wp\/v2\/types\/page"}],"author":[{"embeddable":true,"href":"https:\/\/blog.saasweb.net\/fr\/wp-json\/wp\/v2\/users\/1"}],"replies":[{"embeddable":true,"href":"https:\/\/blog.saasweb.net\/fr\/wp-json\/wp\/v2\/comments?post=3747"}],"version-history":[{"count":9,"href":"https:\/\/blog.saasweb.net\/fr\/wp-json\/wp\/v2\/pages\/3747\/revisions"}],"predecessor-version":[{"id":4573,"href":"https:\/\/blog.saasweb.net\/fr\/wp-json\/wp\/v2\/pages\/3747\/revisions\/4573"}],"wp:attachment":[{"href":"https:\/\/blog.saasweb.net\/fr\/wp-json\/wp\/v2\/media?parent=3747"}],"curies":[{"name":"wp","href":"https:\/\/api.w.org\/{rel}","templated":true}]}}