{"id":3711,"date":"2013-09-24T21:55:25","date_gmt":"2013-09-24T19:55:25","guid":{"rendered":"https:\/\/blog.saasweb.net\/wordpress\/"},"modified":"2017-06-01T11:29:02","modified_gmt":"2017-06-01T09:29:02","slug":"wordpress","status":"publish","type":"page","link":"https:\/\/blog.saasweb.net\/fr\/wordpress\/","title":{"rendered":"WordPress"},"content":{"rendered":"<p>WordPress est depuis quelques ann\u00e9es d\u00e9j\u00e0 le CMS le plus utilis\u00e9 au monde. Il \u00e9volue en permanence gr\u00e2ce au travail de nombreux programmeurs, mais \u00e9galement gr\u00e2ce aux milliers de b\u00e9n\u00e9voles qui pensent, cr\u00e9ent et g\u00e8rent de nouveaux th\u00e8mes et plugins. C\u2019est ainsi que WordPress est devenu la communaut\u00e9 la plus d\u00e9velopp\u00e9e.<\/p>\n<h2>WordPress manag\u00e9 par SaaS Web<\/h2>\n<p>Depuis plusieurs ann\u00e9es, SaaS Web a remarqu\u00e9 2 types d\u2019utilisateurs WordPress : les d\u00e9butants\/ amateurs, mais aussi les entreprises de toutes tailles qui utilisent l\u2019application pour cr\u00e9er une boutique en ligne professionnelle. La cr\u00e9ation d\u2019un site Web ou d\u2019une boutique en ligne avec WordPress est plus facile \u00e0 r\u00e9aliser qu&rsquo;auparavant, cependant l\u2019outil est tr\u00e8s riche en fonctionnalit\u00e9s (plus ou moins complexes) et cela engendre certaines difficult\u00e9s qui reviennent souvent : comment g\u00e9rer l\u2019installation de nouveaux plugins, comment s\u2019assurer que la e-shop est \u00e0 jour, comment faire face aux nouvelles exigences (consultation du site depuis un mobile)&#8230; Cela montre qu\u2019il ne suffit pas d\u2019acheter un th\u00e8me et de r\u00e9diger du contenu pour d\u00e9velopper un site Web de qualit\u00e9.<\/p>\n<p>SaaS Web se charge d\u2019appr\u00e9hender toutes ces difficult\u00e9s et accompagne ses clients de plusieurs fa\u00e7ons : conseil, programmation et h\u00e9bergement Web.<\/p>\n<h3>Quelques conseils<\/h3>\n<p>Ici sont pr\u00e9sent\u00e9s quelques th\u00e8mes et plugins avec lesquels SaaS Web travaille.<\/p>\n<h3>Th\u00e8mes \/ pour les d\u00e9veloppeurs<\/h3>\n<ul>\n<li><a title=\"Make better themes with HTML5 Boilerplate, Bootstrap, Grunt, and Bower\" href=\"http:\/\/roots.io\/starter-theme\/\" target=\"_blank\" rel=\"noopener noreferrer\">Roots &#8211; WordPress Starter Theme<\/a><br \/>\nR\u00e9aliser de meilleurs th\u00e8mes avec\u00a0HTML5 Boilerplate, Bootstrap, Grunt, et Bower.<\/li>\n<li><a href=\"http:\/\/underscores.me\/\">Underscore<\/a><br \/>\nLe CSS\u00a0ultra-minimal.Underscore\u00a0est une base de th\u00e8me WordPress permettant de gagner du temps sur la conception de nouveau th\u00e8me sur la plateforme.<\/li>\n<li><a title=\"Bones is a WordPress Theme for Developers\" href=\"http:\/\/themble.com\/bones\/\" target=\"_blank\" rel=\"noopener noreferrer\">Bones<\/a> : est un excellent th\u00e8me de base pour un d\u00e9veloppement de th\u00e8me solide avec int\u00e9gration SCSS.<\/li>\n<li><a href=\"http:\/\/wordpress.org\/plugins\/theme-check\/\">Theme Check<\/a><br \/>\n \tIl s&rsquo;agit de l&rsquo;application de v\u00e9rification officielle utilis\u00e9e par la Communaut\u00e9 WordPress lors de la publication d&rsquo;un nouveau th\u00e8me.<\/li>\n<\/ul>\n<h3>Fonctionnalit\u00e9s<\/h3>\n<ul>\n<li><a title=\"Build Powerful Websites &amp; Applications with WordPress.\" href=\"http:\/\/piklist.com\/&quot;\" target=\"_blank\" rel=\"noopener noreferrer\">Piklist<\/a> est le meilleur ami des d\u00e9veloppeurs. Un cadre de d\u00e9veloppement rapide pour WordPress qui vous permettra de vous concentrer sur l&rsquo;objectif principal de votre plugin ou th\u00e8me, et laissez Piklist g\u00e9rer le reste tout seul.<\/li>\n<li><a title=\"WordPress Evolved\" href=\"http:\/\/pods.io\/\" target=\"_blank\" rel=\"noopener noreferrer\">Pods<\/a> est l&rsquo;outil pour am\u00e9liorer les sites WordPress. Cr\u00e9ez vos propres mod\u00e8les de donn\u00e9es pour des structures complexes et affichez-les bien dans le backend WordPress afin que tout le monde puisse l&rsquo;utiliser sans connaissance professionnelle.<\/li>\n<li><a title=\"Contact Forms for WordPress Just Don't Get Any Easier than Gravity Forms\" href=\"http:\/\/www.gravityforms.com\/\" target=\"_blank\" rel=\"noopener noreferrer\">Gravity Forms (payant)<\/a> : Il existe quelques fonctionnailit\u00e9s de cr\u00e9ation de formulaire\u00a0WordPress, mais peu avec des fonctions si puissantes et vraiment facile \u00e0 utiliser. Gravity Forms\u00a0est \u00e9galement compatible avec WPML (Multi-langues).<\/li>\n<li><a title=\"The WordPress Multilingual Plugin\" href=\"http:\/\/wpml.org\/\" target=\"_blank\" rel=\"noopener noreferrer\">WPML (payant)<\/a> : Avec WPML, vous pouvez facilement traduire toutes vos publications et vos pages ; les plugins compatibles peuvent \u00e9galement \u00eatre traduits. Il existe \u00e9galement la possibilit\u00e9 d&rsquo;int\u00e9grer des agences de traduction externes dans un flux de travail de base (Workflow).<\/li>\n<li><a title=\"WordPress Command Line\" href=\"http:\/\/wp-cli.org\/\" target=\"_blank\" rel=\"noopener noreferrer\">WordPress Command Line (free)<\/a> : WP-CLI est un ensemble d&rsquo;outils de commande pour g\u00e9rer les installations de WordPress. Avec WP-CLI , installez plusieurs sites, et bien plus encore &#8211; sans navigateur.<\/li>\n<\/ul>\n<h3>Autres outils<\/h3>\n<ul>\n<li><a title=\"Reduce comment spam in your blog to zero\" href=\"http:\/\/pluginkollektiv.github.io\/antispam-bee\/\" target=\"_blank\" rel=\"noopener noreferrer\">Antispam Bee<\/a><br \/>\nAntispam Bee est un Plugin Antispam efficace pour WordPress.<\/li>\n<li><a href=\"https:\/\/www.adminer.org\/\">Adminer<\/a><br \/>\nAdminer est une bonne interface de gestion de base de donn\u00e9es pour WordPress.<\/li>\n<\/ul>\n","protected":false},"excerpt":{"rendered":"<p>WordPress est depuis quelques ann\u00e9es d\u00e9j\u00e0 le CMS le plus utilis\u00e9 au monde. Il \u00e9volue en permanence gr\u00e2ce au travail de nombreux programmeurs, mais \u00e9galement gr\u00e2ce aux milliers de b\u00e9n\u00e9voles qui pensent, cr\u00e9ent et g\u00e8rent de nouveaux th\u00e8mes et plugins. C\u2019est ainsi que WordPress est devenu la communaut\u00e9 la plus d\u00e9velopp\u00e9e. WordPress manag\u00e9 par SaaS &#8230; <br \/><a class=\"read-more\" href=\"https:\/\/blog.saasweb.net\/fr\/wordpress\/\">Lire plus\u2026<\/a><\/p>\n","protected":false},"author":1,"featured_media":0,"parent":0,"menu_order":60,"comment_status":"closed","ping_status":"closed","template":"","meta":{"inline_featured_image":false,"footnotes":""},"class_list":["post-3711","page","type-page","status-publish","hentry"],"yoast_head":"<!-- This site is optimized with the Yoast SEO plugin v27.3 - https:\/\/yoast.com\/product\/yoast-seo-wordpress\/ -->\n<title>WordPress - SaaS Web Blog<\/title>\n<meta name=\"robots\" content=\"index, follow, max-snippet:-1, max-image-preview:large, max-video-preview:-1\" \/>\n<link rel=\"canonical\" href=\"https:\/\/blog.saasweb.net\/fr\/wordpress\/\" \/>\n<meta property=\"og:locale\" content=\"fr_FR\" \/>\n<meta property=\"og:type\" content=\"article\" \/>\n<meta property=\"og:title\" content=\"WordPress - SaaS Web Blog\" \/>\n<meta property=\"og:description\" content=\"WordPress est depuis quelques ann\u00e9es d\u00e9j\u00e0 le CMS le plus utilis\u00e9 au monde. Il \u00e9volue en permanence gr\u00e2ce au travail de nombreux programmeurs, mais \u00e9galement gr\u00e2ce aux milliers de b\u00e9n\u00e9voles qui pensent, cr\u00e9ent et g\u00e8rent de nouveaux th\u00e8mes et plugins. C\u2019est ainsi que WordPress est devenu la communaut\u00e9 la plus d\u00e9velopp\u00e9e. WordPress manag\u00e9 par SaaS ... Lire plus\u2026\" \/>\n<meta property=\"og:url\" content=\"https:\/\/blog.saasweb.net\/fr\/wordpress\/\" \/>\n<meta property=\"og:site_name\" content=\"Software as a Service, Managed Hosting &amp; Technologie News\" \/>\n<meta property=\"article:modified_time\" content=\"2017-06-01T09:29:02+00:00\" \/>\n<meta name=\"twitter:card\" content=\"summary_large_image\" \/>\n<meta name=\"twitter:site\" content=\"@saaswebnet\" \/>\n<meta name=\"twitter:label1\" content=\"Dur\u00e9e de lecture estim\u00e9e\" \/>\n\t<meta name=\"twitter:data1\" content=\"3 minutes\" \/>\n<script type=\"application\/ld+json\" class=\"yoast-schema-graph\">{\"@context\":\"https:\\\/\\\/schema.org\",\"@graph\":[{\"@type\":\"WebPage\",\"@id\":\"https:\\\/\\\/blog.saasweb.net\\\/fr\\\/wordpress\\\/\",\"url\":\"https:\\\/\\\/blog.saasweb.net\\\/fr\\\/wordpress\\\/\",\"name\":\"WordPress - SaaS Web Blog\",\"isPartOf\":{\"@id\":\"https:\\\/\\\/blog.saasweb.net\\\/fr\\\/#website\"},\"datePublished\":\"2013-09-24T19:55:25+00:00\",\"dateModified\":\"2017-06-01T09:29:02+00:00\",\"breadcrumb\":{\"@id\":\"https:\\\/\\\/blog.saasweb.net\\\/fr\\\/wordpress\\\/#breadcrumb\"},\"inLanguage\":\"fr-FR\",\"potentialAction\":[{\"@type\":\"ReadAction\",\"target\":[\"https:\\\/\\\/blog.saasweb.net\\\/fr\\\/wordpress\\\/\"]}]},{\"@type\":\"BreadcrumbList\",\"@id\":\"https:\\\/\\\/blog.saasweb.net\\\/fr\\\/wordpress\\\/#breadcrumb\",\"itemListElement\":[{\"@type\":\"ListItem\",\"position\":1,\"name\":\"Startseite\",\"item\":\"https:\\\/\\\/blog.saasweb.net\\\/fr\\\/\"},{\"@type\":\"ListItem\",\"position\":2,\"name\":\"WordPress\"}]},{\"@type\":\"WebSite\",\"@id\":\"https:\\\/\\\/blog.saasweb.net\\\/fr\\\/#website\",\"url\":\"https:\\\/\\\/blog.saasweb.net\\\/fr\\\/\",\"name\":\"Software as a Service, Managed Hosting &amp; Technologie News\",\"description\":\"Proudly clouded by SaaS Web\",\"publisher\":{\"@id\":\"https:\\\/\\\/blog.saasweb.net\\\/fr\\\/#organization\"},\"potentialAction\":[{\"@type\":\"SearchAction\",\"target\":{\"@type\":\"EntryPoint\",\"urlTemplate\":\"https:\\\/\\\/blog.saasweb.net\\\/fr\\\/?s={search_term_string}\"},\"query-input\":{\"@type\":\"PropertyValueSpecification\",\"valueRequired\":true,\"valueName\":\"search_term_string\"}}],\"inLanguage\":\"fr-FR\"},{\"@type\":\"Organization\",\"@id\":\"https:\\\/\\\/blog.saasweb.net\\\/fr\\\/#organization\",\"name\":\"Software as a Service, Managed Hosting &amp; Technologie News\",\"url\":\"https:\\\/\\\/blog.saasweb.net\\\/fr\\\/\",\"logo\":{\"@type\":\"ImageObject\",\"inLanguage\":\"fr-FR\",\"@id\":\"https:\\\/\\\/blog.saasweb.net\\\/fr\\\/#\\\/schema\\\/logo\\\/image\\\/\",\"url\":\"https:\\\/\\\/blog.saasweb.net\\\/wp-content\\\/uploads\\\/2014\\\/04\\\/logo_saasweb.jpg\",\"contentUrl\":\"https:\\\/\\\/blog.saasweb.net\\\/wp-content\\\/uploads\\\/2014\\\/04\\\/logo_saasweb.jpg\",\"width\":121,\"height\":110,\"caption\":\"Software as a Service, Managed Hosting &amp; Technologie News\"},\"image\":{\"@id\":\"https:\\\/\\\/blog.saasweb.net\\\/fr\\\/#\\\/schema\\\/logo\\\/image\\\/\"},\"sameAs\":[\"https:\\\/\\\/x.com\\\/saaswebnet\"]}]}<\/script>\n<!-- \/ Yoast SEO plugin. -->","yoast_head_json":{"title":"WordPress - SaaS Web Blog","robots":{"index":"index","follow":"follow","max-snippet":"max-snippet:-1","max-image-preview":"max-image-preview:large","max-video-preview":"max-video-preview:-1"},"canonical":"https:\/\/blog.saasweb.net\/fr\/wordpress\/","og_locale":"fr_FR","og_type":"article","og_title":"WordPress - SaaS Web Blog","og_description":"WordPress est depuis quelques ann\u00e9es d\u00e9j\u00e0 le CMS le plus utilis\u00e9 au monde. Il \u00e9volue en permanence gr\u00e2ce au travail de nombreux programmeurs, mais \u00e9galement gr\u00e2ce aux milliers de b\u00e9n\u00e9voles qui pensent, cr\u00e9ent et g\u00e8rent de nouveaux th\u00e8mes et plugins. C\u2019est ainsi que WordPress est devenu la communaut\u00e9 la plus d\u00e9velopp\u00e9e. WordPress manag\u00e9 par SaaS ... Lire plus\u2026","og_url":"https:\/\/blog.saasweb.net\/fr\/wordpress\/","og_site_name":"Software as a Service, Managed Hosting &amp; Technologie News","article_modified_time":"2017-06-01T09:29:02+00:00","twitter_card":"summary_large_image","twitter_site":"@saaswebnet","twitter_misc":{"Dur\u00e9e de lecture estim\u00e9e":"3 minutes"},"schema":{"@context":"https:\/\/schema.org","@graph":[{"@type":"WebPage","@id":"https:\/\/blog.saasweb.net\/fr\/wordpress\/","url":"https:\/\/blog.saasweb.net\/fr\/wordpress\/","name":"WordPress - SaaS Web Blog","isPartOf":{"@id":"https:\/\/blog.saasweb.net\/fr\/#website"},"datePublished":"2013-09-24T19:55:25+00:00","dateModified":"2017-06-01T09:29:02+00:00","breadcrumb":{"@id":"https:\/\/blog.saasweb.net\/fr\/wordpress\/#breadcrumb"},"inLanguage":"fr-FR","potentialAction":[{"@type":"ReadAction","target":["https:\/\/blog.saasweb.net\/fr\/wordpress\/"]}]},{"@type":"BreadcrumbList","@id":"https:\/\/blog.saasweb.net\/fr\/wordpress\/#breadcrumb","itemListElement":[{"@type":"ListItem","position":1,"name":"Startseite","item":"https:\/\/blog.saasweb.net\/fr\/"},{"@type":"ListItem","position":2,"name":"WordPress"}]},{"@type":"WebSite","@id":"https:\/\/blog.saasweb.net\/fr\/#website","url":"https:\/\/blog.saasweb.net\/fr\/","name":"Software as a Service, Managed Hosting &amp; Technologie News","description":"Proudly clouded by SaaS Web","publisher":{"@id":"https:\/\/blog.saasweb.net\/fr\/#organization"},"potentialAction":[{"@type":"SearchAction","target":{"@type":"EntryPoint","urlTemplate":"https:\/\/blog.saasweb.net\/fr\/?s={search_term_string}"},"query-input":{"@type":"PropertyValueSpecification","valueRequired":true,"valueName":"search_term_string"}}],"inLanguage":"fr-FR"},{"@type":"Organization","@id":"https:\/\/blog.saasweb.net\/fr\/#organization","name":"Software as a Service, Managed Hosting &amp; Technologie News","url":"https:\/\/blog.saasweb.net\/fr\/","logo":{"@type":"ImageObject","inLanguage":"fr-FR","@id":"https:\/\/blog.saasweb.net\/fr\/#\/schema\/logo\/image\/","url":"https:\/\/blog.saasweb.net\/wp-content\/uploads\/2014\/04\/logo_saasweb.jpg","contentUrl":"https:\/\/blog.saasweb.net\/wp-content\/uploads\/2014\/04\/logo_saasweb.jpg","width":121,"height":110,"caption":"Software as a Service, Managed Hosting &amp; Technologie News"},"image":{"@id":"https:\/\/blog.saasweb.net\/fr\/#\/schema\/logo\/image\/"},"sameAs":["https:\/\/x.com\/saaswebnet"]}]}},"_links":{"self":[{"href":"https:\/\/blog.saasweb.net\/fr\/wp-json\/wp\/v2\/pages\/3711","targetHints":{"allow":["GET"]}}],"collection":[{"href":"https:\/\/blog.saasweb.net\/fr\/wp-json\/wp\/v2\/pages"}],"about":[{"href":"https:\/\/blog.saasweb.net\/fr\/wp-json\/wp\/v2\/types\/page"}],"author":[{"embeddable":true,"href":"https:\/\/blog.saasweb.net\/fr\/wp-json\/wp\/v2\/users\/1"}],"replies":[{"embeddable":true,"href":"https:\/\/blog.saasweb.net\/fr\/wp-json\/wp\/v2\/comments?post=3711"}],"version-history":[{"count":10,"href":"https:\/\/blog.saasweb.net\/fr\/wp-json\/wp\/v2\/pages\/3711\/revisions"}],"predecessor-version":[{"id":4614,"href":"https:\/\/blog.saasweb.net\/fr\/wp-json\/wp\/v2\/pages\/3711\/revisions\/4614"}],"wp:attachment":[{"href":"https:\/\/blog.saasweb.net\/fr\/wp-json\/wp\/v2\/media?parent=3711"}],"curies":[{"name":"wp","href":"https:\/\/api.w.org\/{rel}","templated":true}]}}