{"id":3743,"date":"2017-02-24T16:12:44","date_gmt":"2017-02-24T15:12:44","guid":{"rendered":"https:\/\/blog.saasweb.net\/mediawiki\/"},"modified":"2020-11-24T15:32:20","modified_gmt":"2020-11-24T14:32:20","slug":"mediawiki","status":"publish","type":"page","link":"https:\/\/blog.saasweb.net\/en\/mediawiki\/","title":{"rendered":"MediaWiki"},"content":{"rendered":"<p>SaaS Web hat sich im Laufe der Jahre zum MediaWiki Experten entwickelt. Neben Standard MediaWiki Instanzen hostet SaaS Web auch BlueSpice MediaWiki oder auch Semantic MediaWiki. Ganz anders, aber auch ein Wiki, ist Foswiki.<\/p>\n<p>Jedenfalls m\u00f6chten wir auf dieser Blogseite ein paar interessante Infos zu MediaWiki hinterlegen.<\/p>\n<h2>Managed MediaWiki von SaaS Web<\/h2>\n<p>Anders als bei vielen Webhosting Unternehmen, muss ein SaaS Web-Kunde nicht selbst MediaWiki installieren, auch nicht auf einen Knopf dr\u00fccken oder irgendwelche Domain-Einstellungen vornehmen, um die Domain mit dem MediaWiki zu verkn\u00fcpfen. <a href=\"https:\/\/www.saasweb.net\/de\/managed-hosting\/mediawiki\">SaaS Web richtet MediaWiki ein<\/a>, ggf. auf einer eigenen virtuellen Maschine (VM) und k\u00fcmmert sicher ab dem Zeitpunkt auch um die Wartung des Systems (Updates, Backup, Monitoring) und der Extensions. Als Kunde k\u00fcmmern Sie sich lediglich um die Nutzung (als MediaWiki-User z. B. B\u00fcrokrat). So einfach ist es.<\/p>\n<h2>MediaWiki Infos<\/h2>\n<p>MediaWiki ist bekanntlich die Software, die f\u00fcr Wikipedia programmiert wurde. Heute wird MediaWiki allerdings in vielen Firmen eingesetzt, als Wissensdatenbank f\u00fcr die eigenen Mitarbeitern oder bei Vereinen als Informationsplattform f\u00fcr Internetbenutzer.<\/p>\n<p>MediaWiki bringt bei der Installation bereits einige Extensions mit sich, oft m\u00fcssen aber weitere installiert werden, um sein Projekt nach W\u00fcnschen umzusetzen.<\/p>\n<h3>BlueSpice MediaWiki<\/h3>\n<p>BlueSpice MediaWiki ist eine Entwicklung der Firma HalloWelt! Medienwerkstatt in Regensburg. BlueSpice gibt es in einer kostenfreien und einer kostenpflichtigen Version, beide Versionen sind f\u00fcr die Nutzung von MediaWiki im Unternehmen und setzen u. a. darauf die Oberfl\u00e4chen f\u00fcr Nicht-Entwickler einfacher und verst\u00e4ndlicher zu gestalten. Dar\u00fcber hinaus kommt BlueSpice MediaWiki mit einer professionellen Suchmaschinen-Engine daher. Die <a href=\"https:\/\/www.saasweb.net\/de\/managed-hosting\/bluespice-mediawiki\">Pro-Version von BlueSpice<\/a> beinhaltet u. a. eine PDF-Buchfunktion und den Service-Center (Erstellung von Workflows).<\/p>\n\n\n<div class=\"wp-block-ep-toggles ep_toggles_wrapper__252e221a-619e-4a22-a79e-7386491c1ba4 undefined\"><div data-isaccordion=\"false\" data-open_first=\"true\" class=\"ep_toggles_wrapper \"><\/div><style>.eplus_styles .ep_toggles_wrapper__252e221a-619e-4a22-a79e-7386491c1ba4 .ep_toggles_wrapper {\n                position: relative;\n                grid-template-columns: repeat(1 , 1fr);\n            }.eplus_styles .ep_toggles_wrapper__252e221a-619e-4a22-a79e-7386491c1ba4 .wp-block-ep-toggle-item, [data-type='ep\/toggle-item'] {\n                position: relative;\n                grid-template-columns: 100% ;\n            }.eplus_styles .ep_toggles_wrapper__252e221a-619e-4a22-a79e-7386491c1ba4 .wp-block-ep-toggle-item, [data-type='ep\/toggle-item'] {\n                position: relative;\n                justify-content: center;\n            }.eplus_styles .ep_toggles_wrapper__252e221a-619e-4a22-a79e-7386491c1ba4 .ep_toggles_wrapper {\n                position: relative;\n                grid-gap: 15px ;\n            }.eplus_styles .ep_toggles_wrapper__252e221a-619e-4a22-a79e-7386491c1ba4 .ep_toggle_item_title {\n                position: relative;\n                color: #1e1e1e;\nfont-size: 17px ;\n            }\n            \n\n        \n\n         \n\n        \n            .eplus_styles .ep_toggles_wrapper__252e221a-619e-4a22-a79e-7386491c1ba4 .ep_toggle_item_title:hover {\n                color: #ffffff;\n            }.eplus_styles .ep_toggles_wrapper__252e221a-619e-4a22-a79e-7386491c1ba4 .ep_ti_open .ep_toggle_item_title {\n                position: relative;\n                color: #ffffff;\n            }.eplus_styles .ep_toggles_wrapper__252e221a-619e-4a22-a79e-7386491c1ba4 .ep_toggle_item_title {\n                position: relative;\n                background-image: linear-gradient(#f0f0f0, #f0f0f0);\n            }\n            \n\n        \n\n         \n\n        \n            .eplus_styles .ep_toggles_wrapper__252e221a-619e-4a22-a79e-7386491c1ba4 .ep_toggle_item_title:hover {\n                background-image: linear-gradient(#007cba, #007cba);\n            }.eplus_styles .ep_toggles_wrapper__252e221a-619e-4a22-a79e-7386491c1ba4 .ep_ti_open .ep_toggle_item_title {\n                position: relative;\n                background-image: linear-gradient(#007cba, #007cba);\n            }.eplus_styles .ep_toggles_wrapper__252e221a-619e-4a22-a79e-7386491c1ba4 .ep_toggle_item_title {\n                position: relative;\n                padding: 15px 15px 15px 15px ;\n            }.eplus_styles .ep_toggles_wrapper__252e221a-619e-4a22-a79e-7386491c1ba4 .ep_toggle_item_content {\n                position: relative;\n                background-image: linear-gradient(#f0f0f0, #f0f0f0);\n            }.eplus_styles .ep_toggles_wrapper__252e221a-619e-4a22-a79e-7386491c1ba4 .ep_toggle_item_content {\n                position: relative;\n                padding: 15px 15px 15px 15px ;\n            }<\/style><\/div>\n","protected":false},"excerpt":{"rendered":"<p>SaaS Web hat sich im Laufe der Jahre zum MediaWiki Experten entwickelt. Neben Standard MediaWiki Instanzen hostet SaaS Web auch BlueSpice MediaWiki oder auch Semantic MediaWiki. Ganz anders, aber auch ein Wiki, ist Foswiki. Jedenfalls m\u00f6chten wir auf dieser Blogseite ein paar interessante Infos zu MediaWiki hinterlegen. Managed MediaWiki von SaaS Web Anders als bei &#8230; <br \/><a class=\"read-more\" href=\"https:\/\/blog.saasweb.net\/en\/mediawiki\/\">Read more\u2026<\/a><\/p>\n","protected":false},"author":1,"featured_media":0,"parent":0,"menu_order":15,"comment_status":"closed","ping_status":"closed","template":"","meta":{"inline_featured_image":false,"footnotes":""},"class_list":["post-3743","page","type-page","status-publish","hentry"],"yoast_head":"<!-- This site is optimized with the Yoast SEO plugin v27.3 - https:\/\/yoast.com\/product\/yoast-seo-wordpress\/ -->\n<title>MediaWiki - SaaS Web Blog<\/title>\n<meta name=\"robots\" content=\"index, follow, max-snippet:-1, max-image-preview:large, max-video-preview:-1\" \/>\n<link rel=\"canonical\" href=\"https:\/\/blog.saasweb.net\/en\/mediawiki\/\" \/>\n<meta property=\"og:locale\" content=\"en_US\" \/>\n<meta property=\"og:type\" content=\"article\" \/>\n<meta property=\"og:title\" content=\"MediaWiki - SaaS Web Blog\" \/>\n<meta property=\"og:description\" content=\"SaaS Web hat sich im Laufe der Jahre zum MediaWiki Experten entwickelt. Neben Standard MediaWiki Instanzen hostet SaaS Web auch BlueSpice MediaWiki oder auch Semantic MediaWiki. Ganz anders, aber auch ein Wiki, ist Foswiki. Jedenfalls m\u00f6chten wir auf dieser Blogseite ein paar interessante Infos zu MediaWiki hinterlegen. Managed MediaWiki von SaaS Web Anders als bei ... Read more\u2026\" \/>\n<meta property=\"og:url\" content=\"https:\/\/blog.saasweb.net\/en\/mediawiki\/\" \/>\n<meta property=\"og:site_name\" content=\"Software as a Service, Managed Hosting &amp; Technologie News\" \/>\n<meta property=\"article:modified_time\" content=\"2020-11-24T14:32:20+00:00\" \/>\n<meta name=\"twitter:card\" content=\"summary_large_image\" \/>\n<meta name=\"twitter:site\" content=\"@saaswebnet\" \/>\n<meta name=\"twitter:label1\" content=\"Est. reading time\" \/>\n\t<meta name=\"twitter:data1\" content=\"1 minute\" \/>\n<script type=\"application\/ld+json\" class=\"yoast-schema-graph\">{\"@context\":\"https:\\\/\\\/schema.org\",\"@graph\":[{\"@type\":\"WebPage\",\"@id\":\"https:\\\/\\\/blog.saasweb.net\\\/en\\\/mediawiki\\\/\",\"url\":\"https:\\\/\\\/blog.saasweb.net\\\/en\\\/mediawiki\\\/\",\"name\":\"MediaWiki - SaaS Web Blog\",\"isPartOf\":{\"@id\":\"https:\\\/\\\/blog.saasweb.net\\\/en\\\/#website\"},\"datePublished\":\"2017-02-24T15:12:44+00:00\",\"dateModified\":\"2020-11-24T14:32:20+00:00\",\"breadcrumb\":{\"@id\":\"https:\\\/\\\/blog.saasweb.net\\\/en\\\/mediawiki\\\/#breadcrumb\"},\"inLanguage\":\"en-US\",\"potentialAction\":[{\"@type\":\"ReadAction\",\"target\":[\"https:\\\/\\\/blog.saasweb.net\\\/en\\\/mediawiki\\\/\"]}]},{\"@type\":\"BreadcrumbList\",\"@id\":\"https:\\\/\\\/blog.saasweb.net\\\/en\\\/mediawiki\\\/#breadcrumb\",\"itemListElement\":[{\"@type\":\"ListItem\",\"position\":1,\"name\":\"Startseite\",\"item\":\"https:\\\/\\\/blog.saasweb.net\\\/en\\\/\"},{\"@type\":\"ListItem\",\"position\":2,\"name\":\"MediaWiki\"}]},{\"@type\":\"WebSite\",\"@id\":\"https:\\\/\\\/blog.saasweb.net\\\/en\\\/#website\",\"url\":\"https:\\\/\\\/blog.saasweb.net\\\/en\\\/\",\"name\":\"Software as a Service, Managed Hosting &amp; Technologie News\",\"description\":\"Proudly clouded by SaaS Web\",\"publisher\":{\"@id\":\"https:\\\/\\\/blog.saasweb.net\\\/en\\\/#organization\"},\"potentialAction\":[{\"@type\":\"SearchAction\",\"target\":{\"@type\":\"EntryPoint\",\"urlTemplate\":\"https:\\\/\\\/blog.saasweb.net\\\/en\\\/?s={search_term_string}\"},\"query-input\":{\"@type\":\"PropertyValueSpecification\",\"valueRequired\":true,\"valueName\":\"search_term_string\"}}],\"inLanguage\":\"en-US\"},{\"@type\":\"Organization\",\"@id\":\"https:\\\/\\\/blog.saasweb.net\\\/en\\\/#organization\",\"name\":\"Software as a Service, Managed Hosting &amp; Technologie News\",\"url\":\"https:\\\/\\\/blog.saasweb.net\\\/en\\\/\",\"logo\":{\"@type\":\"ImageObject\",\"inLanguage\":\"en-US\",\"@id\":\"https:\\\/\\\/blog.saasweb.net\\\/en\\\/#\\\/schema\\\/logo\\\/image\\\/\",\"url\":\"https:\\\/\\\/blog.saasweb.net\\\/wp-content\\\/uploads\\\/2014\\\/04\\\/logo_saasweb.jpg\",\"contentUrl\":\"https:\\\/\\\/blog.saasweb.net\\\/wp-content\\\/uploads\\\/2014\\\/04\\\/logo_saasweb.jpg\",\"width\":121,\"height\":110,\"caption\":\"Software as a Service, Managed Hosting &amp; Technologie News\"},\"image\":{\"@id\":\"https:\\\/\\\/blog.saasweb.net\\\/en\\\/#\\\/schema\\\/logo\\\/image\\\/\"},\"sameAs\":[\"https:\\\/\\\/x.com\\\/saaswebnet\"]}]}<\/script>\n<!-- \/ Yoast SEO plugin. -->","yoast_head_json":{"title":"MediaWiki - SaaS Web Blog","robots":{"index":"index","follow":"follow","max-snippet":"max-snippet:-1","max-image-preview":"max-image-preview:large","max-video-preview":"max-video-preview:-1"},"canonical":"https:\/\/blog.saasweb.net\/en\/mediawiki\/","og_locale":"en_US","og_type":"article","og_title":"MediaWiki - SaaS Web Blog","og_description":"SaaS Web hat sich im Laufe der Jahre zum MediaWiki Experten entwickelt. Neben Standard MediaWiki Instanzen hostet SaaS Web auch BlueSpice MediaWiki oder auch Semantic MediaWiki. Ganz anders, aber auch ein Wiki, ist Foswiki. Jedenfalls m\u00f6chten wir auf dieser Blogseite ein paar interessante Infos zu MediaWiki hinterlegen. Managed MediaWiki von SaaS Web Anders als bei ... Read more\u2026","og_url":"https:\/\/blog.saasweb.net\/en\/mediawiki\/","og_site_name":"Software as a Service, Managed Hosting &amp; Technologie News","article_modified_time":"2020-11-24T14:32:20+00:00","twitter_card":"summary_large_image","twitter_site":"@saaswebnet","twitter_misc":{"Est. reading time":"1 minute"},"schema":{"@context":"https:\/\/schema.org","@graph":[{"@type":"WebPage","@id":"https:\/\/blog.saasweb.net\/en\/mediawiki\/","url":"https:\/\/blog.saasweb.net\/en\/mediawiki\/","name":"MediaWiki - SaaS Web Blog","isPartOf":{"@id":"https:\/\/blog.saasweb.net\/en\/#website"},"datePublished":"2017-02-24T15:12:44+00:00","dateModified":"2020-11-24T14:32:20+00:00","breadcrumb":{"@id":"https:\/\/blog.saasweb.net\/en\/mediawiki\/#breadcrumb"},"inLanguage":"en-US","potentialAction":[{"@type":"ReadAction","target":["https:\/\/blog.saasweb.net\/en\/mediawiki\/"]}]},{"@type":"BreadcrumbList","@id":"https:\/\/blog.saasweb.net\/en\/mediawiki\/#breadcrumb","itemListElement":[{"@type":"ListItem","position":1,"name":"Startseite","item":"https:\/\/blog.saasweb.net\/en\/"},{"@type":"ListItem","position":2,"name":"MediaWiki"}]},{"@type":"WebSite","@id":"https:\/\/blog.saasweb.net\/en\/#website","url":"https:\/\/blog.saasweb.net\/en\/","name":"Software as a Service, Managed Hosting &amp; Technologie News","description":"Proudly clouded by SaaS Web","publisher":{"@id":"https:\/\/blog.saasweb.net\/en\/#organization"},"potentialAction":[{"@type":"SearchAction","target":{"@type":"EntryPoint","urlTemplate":"https:\/\/blog.saasweb.net\/en\/?s={search_term_string}"},"query-input":{"@type":"PropertyValueSpecification","valueRequired":true,"valueName":"search_term_string"}}],"inLanguage":"en-US"},{"@type":"Organization","@id":"https:\/\/blog.saasweb.net\/en\/#organization","name":"Software as a Service, Managed Hosting &amp; Technologie News","url":"https:\/\/blog.saasweb.net\/en\/","logo":{"@type":"ImageObject","inLanguage":"en-US","@id":"https:\/\/blog.saasweb.net\/en\/#\/schema\/logo\/image\/","url":"https:\/\/blog.saasweb.net\/wp-content\/uploads\/2014\/04\/logo_saasweb.jpg","contentUrl":"https:\/\/blog.saasweb.net\/wp-content\/uploads\/2014\/04\/logo_saasweb.jpg","width":121,"height":110,"caption":"Software as a Service, Managed Hosting &amp; Technologie News"},"image":{"@id":"https:\/\/blog.saasweb.net\/en\/#\/schema\/logo\/image\/"},"sameAs":["https:\/\/x.com\/saaswebnet"]}]}},"_links":{"self":[{"href":"https:\/\/blog.saasweb.net\/en\/wp-json\/wp\/v2\/pages\/3743","targetHints":{"allow":["GET"]}}],"collection":[{"href":"https:\/\/blog.saasweb.net\/en\/wp-json\/wp\/v2\/pages"}],"about":[{"href":"https:\/\/blog.saasweb.net\/en\/wp-json\/wp\/v2\/types\/page"}],"author":[{"embeddable":true,"href":"https:\/\/blog.saasweb.net\/en\/wp-json\/wp\/v2\/users\/1"}],"replies":[{"embeddable":true,"href":"https:\/\/blog.saasweb.net\/en\/wp-json\/wp\/v2\/comments?post=3743"}],"version-history":[{"count":7,"href":"https:\/\/blog.saasweb.net\/en\/wp-json\/wp\/v2\/pages\/3743\/revisions"}],"predecessor-version":[{"id":7697,"href":"https:\/\/blog.saasweb.net\/en\/wp-json\/wp\/v2\/pages\/3743\/revisions\/7697"}],"wp:attachment":[{"href":"https:\/\/blog.saasweb.net\/en\/wp-json\/wp\/v2\/media?parent=3743"}],"curies":[{"name":"wp","href":"https:\/\/api.w.org\/{rel}","templated":true}]}}