{"id":3707,"date":"2013-09-24T21:55:25","date_gmt":"2013-09-24T19:55:25","guid":{"rendered":"https:\/\/blog.saasweb.net\/wordpress\/"},"modified":"2018-02-27T11:23:59","modified_gmt":"2018-02-27T10:23:59","slug":"wordpress","status":"publish","type":"page","link":"https:\/\/blog.saasweb.net\/en\/wordpress\/","title":{"rendered":"WordPress"},"content":{"rendered":"<div id=\"pl-3707\"  class=\"panel-layout\" ><div id=\"pg-3707-0\"  class=\"panel-grid panel-no-style\" ><div id=\"pgc-3707-0-0\"  class=\"panel-grid-cell\" ><div id=\"panel-3707-0-0-0\" class=\"so-panel widget widget_sow-editor panel-first-child\" data-index=\"0\" ><div\n\t\t\t\n\t\t\tclass=\"so-widget-sow-editor so-widget-sow-editor-base\"\n\t\t\t\n\t\t>\n<div class=\"siteorigin-widget-tinymce textwidget\">\n\t<div style=\"background-color: #ec40da; padding: 18px; margin-bottom: 15px; color: #fff; border-radius: 4px;\">\n<h4 style=\"color: #fff; font-weight: bold;\">WordPress Meetup Karlsruhe<\/h4>\n<p><a style=\"color: #fff; padding: 8px; border-radius: 8px; border: 1px solid #fff;\" title=\"WordPress Meetup Karlsruhe\" href=\"https:\/\/wpmeetup-karlsruhe.de\/\">&gt;&gt; Mehr Informationen &gt;&gt;<\/a><\/p>\n<\/div>\n<\/div>\n<\/div><\/div><div id=\"panel-3707-0-0-1\" class=\"so-panel widget widget_sow-editor panel-last-child\" data-index=\"1\" ><div\n\t\t\t\n\t\t\tclass=\"so-widget-sow-editor so-widget-sow-editor-base\"\n\t\t\t\n\t\t>\n<div class=\"siteorigin-widget-tinymce textwidget\">\n\t<h2>Infos zu WordPress<\/h2>\n<p>WordPress ist seit einigen Jahren schon das meist genutzte Content Management System weltweit. Es wird nicht nur von zahlreichen Programmierern kontinuierlich weiterentwickelt, sondern es gibt tausende freiwillige, die Themes und Plugins erstellen und pflegen, sodass das WordPress Biotop auch das umfangreichste \u00fcberhaupt ist.<\/p>\n<h3>Managed WordPress by SaaS Web<\/h3>\n<p>SaaS Web hat vor einigen Jahren erkannt, dass WordPress nicht nur von Anf\u00e4ngern und Laien genutzt wird, sondern ebenfalls Unternehmen aller Gr\u00f6\u00dfen anspricht und auch f\u00fcr Onlineshops genutzt wird. Auch wenn sch\u00f6ne und funktionsreiche (komplexe) Homepages mit WordPress einfacher erstellt werden k\u00f6nnen als es fr\u00fcher m\u00f6glich war, bleibt es eine Angelegenheit f\u00fcr Profis: das Zusammenspielen von Plugins, einheitliche Layouts und die wachsenden Anforderungen (insbesondere die mobile Nutzung) zeigen, dass es nicht damit getan ist ein Theme in einem der zahlreichen Marktpl\u00e4tzen zu kaufen und mit Inhalt zu bef\u00fcllen. SaaS Web unterst\u00fctzt seine Kunden in vieler Hinsicht: Beratung, Programmierung und Hosting.<\/p>\n<h3>Ein paar Tips<\/h3>\n<p>Hier werden einige Themes und Plugins vorgestellt, mit denen auch SaaS Web arbeitet oder kennengelernt hat.<\/p>\n<h4>Themes \/ f\u00fcr Entwickler<\/h4>\n<ul>\n<li><a title=\"Roots - HTML5 Boilerplate, Bootstrap, Grunt, und Bower\" href=\"https:\/\/roots.io\/sage\/\" target=\"_blank\" rel=\"noopener noreferrer\">Roots - WordPress Starter Theme<\/a><br \/> Make better themes with HTML5 Boilerplate, Bootstrap, Grunt, and Bower.<\/li>\n<li><a title=\"Bones - WordPress Theme f\u00fcr Entwickler\" href=\"https:\/\/github.com\/eddiemachado\/bones\" target=\"_blank\" rel=\"noopener noreferrer\">Bones<\/a><br \/> Leider wird das Projekt nicht mehr wirklich aktiv weitergef\u00fchrt.<\/li>\n<li><a href=\"https:\/\/wordpress.org\/plugins\/theme-check\/\">Theme Check<\/a><br \/> This is the official checking application which is used by the WordPress Community when releasing a new theme.<\/li>\n<\/ul>\n<h4>Funktionalit\u00e4ten \/ Plugins<\/h4>\n<ul>\n<li><a title=\"Build Powerful Websites &amp; Applications with WordPress.\" href=\"http:\/\/piklist.com\/&quot;\" target=\"_blank\" rel=\"noopener noreferrer\">Piklist<\/a><br \/> Piklist ist ein Plugin zur Erstellung und Integration von Custom Post Types. Es richtet sich mehr an Entwickler.<\/li>\n<li><a title=\"WordPress Evolved\" href=\"http:\/\/pods.io\/\" target=\"_blank\" rel=\"noopener noreferrer\">Pods<\/a><br \/> Pods ist quasi das gleiche wie Piklst nur etwas einfacher in der Bedienung und l\u00e4sst sich auch von Nicht-Entwicklern nutzen (gewisses Verst\u00e4ndnis von WordPress wird dennoch vorausgesetzt).<\/li>\n<li><a title=\"Kontaktformulare f\u00fcr WordPress - Einfach und mit Drag &amp; Drop Baukastensystem\" href=\"http:\/\/www.gravityforms.com\/\" target=\"_blank\" rel=\"noopener noreferrer\">Gravity Forms (kostenpflichtig)<\/a><br \/> Eines der m\u00e4chtigsten Plugins zur Erstellung von Formularen. GravityForms ist kostenpflichtig und mit den <a href=\"https:\/\/www.saasweb.net\/de\/managed-hosting\/wordpress\">WordPress Hosting Paketen von SaaS Web<\/a> kostenfrei nutzbar.<\/li>\n<li><a title=\"Das WordPress Multilingual Plugin\" href=\"http:\/\/wpml.org\/\" target=\"_blank\" rel=\"noopener noreferrer\">WordPress Multi Lang (kostenpflichtig)<\/a><br \/> Mit WPML lassen sich auf einfache Weise multilinguale Homepages erstellen. WPML ist kostenpflichtig und mit den <a href=\"https:\/\/www.saasweb.net\/de\/managed-hosting\/wordpress\">WordPress Hosting Paketen von SaaS Web<\/a> kostenfrei nutzbar.<\/li>\n<li><a title=\"WordPress Command Line\" href=\"http:\/\/wp-cli.org\/\" target=\"_blank\" rel=\"noopener noreferrer\">WordPress Command Line<\/a><br \/> WP-CLI ist eine praktische Consolenanwendung um WordPress Installationen zu verwalten. Das Tools ist eher f\u00fcr Admins oder Entwickler gedacht.<\/li>\n<\/ul>\n<h4>Tools<\/h4>\n<ul>\n<li><a title=\"Alle gegen Spam\" href=\"http:\/\/pluginkollektiv.github.io\/antispam-bee\/\" target=\"_blank\" rel=\"noopener noreferrer\">Antispam Bee<\/a><br \/> Antispam Bee is ein effizientes Antispam Plugin f\u00fcr WordPress.<\/li>\n<\/ul>\n<\/div>\n<\/div><\/div><\/div><\/div><\/div>","protected":false},"excerpt":{"rendered":"<p>WordPress Meetup Karlsruhe &gt;&gt; Mehr Informationen &gt;&gt; Infos zu WordPressWordPress ist seit einigen Jahren schon das meist genutzte Content Management System weltweit. Es wird nicht nur von zahlreichen Programmierern kontinuierlich weiterentwickelt, sondern es gibt tausende freiwillige, die Themes und Plugins erstellen und pflegen, sodass das WordPress Biotop auch das umfangreichste \u00fcberhaupt ist.Managed WordPress by SaaS &#8230; <br \/><a class=\"read-more\" href=\"https:\/\/blog.saasweb.net\/en\/wordpress\/\">Read more\u2026<\/a><\/p>\n","protected":false},"author":1,"featured_media":0,"parent":0,"menu_order":60,"comment_status":"closed","ping_status":"closed","template":"","meta":{"inline_featured_image":false,"footnotes":""},"class_list":["post-3707","page","type-page","status-publish","hentry"],"yoast_head":"<!-- This site is optimized with the Yoast SEO plugin v27.3 - https:\/\/yoast.com\/product\/yoast-seo-wordpress\/ -->\n<title>WordPress - SaaS Web Blog<\/title>\n<meta name=\"robots\" content=\"index, follow, max-snippet:-1, max-image-preview:large, max-video-preview:-1\" \/>\n<link rel=\"canonical\" href=\"https:\/\/blog.saasweb.net\/en\/wordpress\/\" \/>\n<meta property=\"og:locale\" content=\"en_US\" \/>\n<meta property=\"og:type\" content=\"article\" \/>\n<meta property=\"og:title\" content=\"WordPress - SaaS Web Blog\" \/>\n<meta property=\"og:description\" content=\"WordPress Meetup Karlsruhe &gt;&gt; Mehr Informationen &gt;&gt; Infos zu WordPressWordPress ist seit einigen Jahren schon das meist genutzte Content Management System weltweit. Es wird nicht nur von zahlreichen Programmierern kontinuierlich weiterentwickelt, sondern es gibt tausende freiwillige, die Themes und Plugins erstellen und pflegen, sodass das WordPress Biotop auch das umfangreichste \u00fcberhaupt ist.Managed WordPress by SaaS ... Read more\u2026\" \/>\n<meta property=\"og:url\" content=\"https:\/\/blog.saasweb.net\/en\/wordpress\/\" \/>\n<meta property=\"og:site_name\" content=\"Software as a Service, Managed Hosting &amp; Technologie News\" \/>\n<meta property=\"article:modified_time\" content=\"2018-02-27T10:23:59+00:00\" \/>\n<meta name=\"twitter:card\" content=\"summary_large_image\" \/>\n<meta name=\"twitter:site\" content=\"@saaswebnet\" \/>\n<meta name=\"twitter:label1\" content=\"Est. reading time\" \/>\n\t<meta name=\"twitter:data1\" content=\"2 minutes\" \/>\n<script type=\"application\/ld+json\" class=\"yoast-schema-graph\">{\"@context\":\"https:\\\/\\\/schema.org\",\"@graph\":[{\"@type\":\"WebPage\",\"@id\":\"https:\\\/\\\/blog.saasweb.net\\\/en\\\/wordpress\\\/\",\"url\":\"https:\\\/\\\/blog.saasweb.net\\\/en\\\/wordpress\\\/\",\"name\":\"WordPress - SaaS Web Blog\",\"isPartOf\":{\"@id\":\"https:\\\/\\\/blog.saasweb.net\\\/en\\\/#website\"},\"datePublished\":\"2013-09-24T19:55:25+00:00\",\"dateModified\":\"2018-02-27T10:23:59+00:00\",\"breadcrumb\":{\"@id\":\"https:\\\/\\\/blog.saasweb.net\\\/en\\\/wordpress\\\/#breadcrumb\"},\"inLanguage\":\"en-US\",\"potentialAction\":[{\"@type\":\"ReadAction\",\"target\":[\"https:\\\/\\\/blog.saasweb.net\\\/en\\\/wordpress\\\/\"]}]},{\"@type\":\"BreadcrumbList\",\"@id\":\"https:\\\/\\\/blog.saasweb.net\\\/en\\\/wordpress\\\/#breadcrumb\",\"itemListElement\":[{\"@type\":\"ListItem\",\"position\":1,\"name\":\"Startseite\",\"item\":\"https:\\\/\\\/blog.saasweb.net\\\/en\\\/\"},{\"@type\":\"ListItem\",\"position\":2,\"name\":\"WordPress\"}]},{\"@type\":\"WebSite\",\"@id\":\"https:\\\/\\\/blog.saasweb.net\\\/en\\\/#website\",\"url\":\"https:\\\/\\\/blog.saasweb.net\\\/en\\\/\",\"name\":\"Software as a Service, Managed Hosting &amp; Technologie News\",\"description\":\"Proudly clouded by SaaS Web\",\"publisher\":{\"@id\":\"https:\\\/\\\/blog.saasweb.net\\\/en\\\/#organization\"},\"potentialAction\":[{\"@type\":\"SearchAction\",\"target\":{\"@type\":\"EntryPoint\",\"urlTemplate\":\"https:\\\/\\\/blog.saasweb.net\\\/en\\\/?s={search_term_string}\"},\"query-input\":{\"@type\":\"PropertyValueSpecification\",\"valueRequired\":true,\"valueName\":\"search_term_string\"}}],\"inLanguage\":\"en-US\"},{\"@type\":\"Organization\",\"@id\":\"https:\\\/\\\/blog.saasweb.net\\\/en\\\/#organization\",\"name\":\"Software as a Service, Managed Hosting &amp; Technologie News\",\"url\":\"https:\\\/\\\/blog.saasweb.net\\\/en\\\/\",\"logo\":{\"@type\":\"ImageObject\",\"inLanguage\":\"en-US\",\"@id\":\"https:\\\/\\\/blog.saasweb.net\\\/en\\\/#\\\/schema\\\/logo\\\/image\\\/\",\"url\":\"https:\\\/\\\/blog.saasweb.net\\\/wp-content\\\/uploads\\\/2014\\\/04\\\/logo_saasweb.jpg\",\"contentUrl\":\"https:\\\/\\\/blog.saasweb.net\\\/wp-content\\\/uploads\\\/2014\\\/04\\\/logo_saasweb.jpg\",\"width\":121,\"height\":110,\"caption\":\"Software as a Service, Managed Hosting &amp; Technologie News\"},\"image\":{\"@id\":\"https:\\\/\\\/blog.saasweb.net\\\/en\\\/#\\\/schema\\\/logo\\\/image\\\/\"},\"sameAs\":[\"https:\\\/\\\/x.com\\\/saaswebnet\"]}]}<\/script>\n<!-- \/ Yoast SEO plugin. -->","yoast_head_json":{"title":"WordPress - SaaS Web Blog","robots":{"index":"index","follow":"follow","max-snippet":"max-snippet:-1","max-image-preview":"max-image-preview:large","max-video-preview":"max-video-preview:-1"},"canonical":"https:\/\/blog.saasweb.net\/en\/wordpress\/","og_locale":"en_US","og_type":"article","og_title":"WordPress - SaaS Web Blog","og_description":"WordPress Meetup Karlsruhe &gt;&gt; Mehr Informationen &gt;&gt; Infos zu WordPressWordPress ist seit einigen Jahren schon das meist genutzte Content Management System weltweit. Es wird nicht nur von zahlreichen Programmierern kontinuierlich weiterentwickelt, sondern es gibt tausende freiwillige, die Themes und Plugins erstellen und pflegen, sodass das WordPress Biotop auch das umfangreichste \u00fcberhaupt ist.Managed WordPress by SaaS ... Read more\u2026","og_url":"https:\/\/blog.saasweb.net\/en\/wordpress\/","og_site_name":"Software as a Service, Managed Hosting &amp; Technologie News","article_modified_time":"2018-02-27T10:23:59+00:00","twitter_card":"summary_large_image","twitter_site":"@saaswebnet","twitter_misc":{"Est. reading time":"2 minutes"},"schema":{"@context":"https:\/\/schema.org","@graph":[{"@type":"WebPage","@id":"https:\/\/blog.saasweb.net\/en\/wordpress\/","url":"https:\/\/blog.saasweb.net\/en\/wordpress\/","name":"WordPress - SaaS Web Blog","isPartOf":{"@id":"https:\/\/blog.saasweb.net\/en\/#website"},"datePublished":"2013-09-24T19:55:25+00:00","dateModified":"2018-02-27T10:23:59+00:00","breadcrumb":{"@id":"https:\/\/blog.saasweb.net\/en\/wordpress\/#breadcrumb"},"inLanguage":"en-US","potentialAction":[{"@type":"ReadAction","target":["https:\/\/blog.saasweb.net\/en\/wordpress\/"]}]},{"@type":"BreadcrumbList","@id":"https:\/\/blog.saasweb.net\/en\/wordpress\/#breadcrumb","itemListElement":[{"@type":"ListItem","position":1,"name":"Startseite","item":"https:\/\/blog.saasweb.net\/en\/"},{"@type":"ListItem","position":2,"name":"WordPress"}]},{"@type":"WebSite","@id":"https:\/\/blog.saasweb.net\/en\/#website","url":"https:\/\/blog.saasweb.net\/en\/","name":"Software as a Service, Managed Hosting &amp; Technologie News","description":"Proudly clouded by SaaS Web","publisher":{"@id":"https:\/\/blog.saasweb.net\/en\/#organization"},"potentialAction":[{"@type":"SearchAction","target":{"@type":"EntryPoint","urlTemplate":"https:\/\/blog.saasweb.net\/en\/?s={search_term_string}"},"query-input":{"@type":"PropertyValueSpecification","valueRequired":true,"valueName":"search_term_string"}}],"inLanguage":"en-US"},{"@type":"Organization","@id":"https:\/\/blog.saasweb.net\/en\/#organization","name":"Software as a Service, Managed Hosting &amp; Technologie News","url":"https:\/\/blog.saasweb.net\/en\/","logo":{"@type":"ImageObject","inLanguage":"en-US","@id":"https:\/\/blog.saasweb.net\/en\/#\/schema\/logo\/image\/","url":"https:\/\/blog.saasweb.net\/wp-content\/uploads\/2014\/04\/logo_saasweb.jpg","contentUrl":"https:\/\/blog.saasweb.net\/wp-content\/uploads\/2014\/04\/logo_saasweb.jpg","width":121,"height":110,"caption":"Software as a Service, Managed Hosting &amp; Technologie News"},"image":{"@id":"https:\/\/blog.saasweb.net\/en\/#\/schema\/logo\/image\/"},"sameAs":["https:\/\/x.com\/saaswebnet"]}]}},"_links":{"self":[{"href":"https:\/\/blog.saasweb.net\/en\/wp-json\/wp\/v2\/pages\/3707","targetHints":{"allow":["GET"]}}],"collection":[{"href":"https:\/\/blog.saasweb.net\/en\/wp-json\/wp\/v2\/pages"}],"about":[{"href":"https:\/\/blog.saasweb.net\/en\/wp-json\/wp\/v2\/types\/page"}],"author":[{"embeddable":true,"href":"https:\/\/blog.saasweb.net\/en\/wp-json\/wp\/v2\/users\/1"}],"replies":[{"embeddable":true,"href":"https:\/\/blog.saasweb.net\/en\/wp-json\/wp\/v2\/comments?post=3707"}],"version-history":[{"count":21,"href":"https:\/\/blog.saasweb.net\/en\/wp-json\/wp\/v2\/pages\/3707\/revisions"}],"predecessor-version":[{"id":7255,"href":"https:\/\/blog.saasweb.net\/en\/wp-json\/wp\/v2\/pages\/3707\/revisions\/7255"}],"wp:attachment":[{"href":"https:\/\/blog.saasweb.net\/en\/wp-json\/wp\/v2\/media?parent=3707"}],"curies":[{"name":"wp","href":"https:\/\/api.w.org\/{rel}","templated":true}]}}